{"id":997,"date":"2023-07-29T04:48:04","date_gmt":"2023-07-29T04:48:04","guid":{"rendered":"https:\/\/elizatrejo.com\/?page_id=997"},"modified":"2023-08-31T18:44:48","modified_gmt":"2023-08-31T18:44:48","slug":"relatos","status":"publish","type":"page","link":"https:\/\/elizatrejo.com\/index.php\/relatos\/","title":{"rendered":"Relatos"},"content":{"rendered":"\n<p>Sobre mi madre Maria del Socorro Garc\u00eda Hern\u00e1ndez<\/p>\n\n\n\n<p>Coco como le decia la mayoria de la gente,  a la edad de 18 dejo su pueblo en San Luis Potos\u00ed, lleg\u00f3 con muchos sue\u00f1os a  Monterrey, fue trabajadora del hogar y obrera, en alguna f\u00e1brica que no recuerdo, no conocio el mar.  Tal vez su unico trayecto fue de  su pueblo Santa Lucia a Nuevo Le\u00f3n.<\/p>\n\n\n\n<p>Al escribir esto, intento hacer un retrato de ella con palabras , pero temo no encontrar demasiadas frases.  Es complicado urgar en una memoria de mas de 40 a\u00f1os.  Donde todo se sobrescribe<\/p>\n\n\n\n<p> Le gustaban las semillas de calabaza, el quiote . Recuerdo su gran sonrisa a veces timida<\/p>\n\n\n\n<p><\/p>\n\n\n\n<p>Nos llev\u00f3 a la Pastora, a la Alameda con mi papa, nos hac\u00eda ropa, tomo clases para aprender costura, tambi\u00e9n nos cortaba el cabello y peinaba.<\/p>\n\n\n\n<p><\/p>\n\n\n\n<p>batallaba mucho con Beatriz, que se hacia morada de coraje cuando mi mama la expulgaba.<\/p>\n\n\n\n<p>Alguna vez quiso aprender a hacer flores de migajon, le gustaba tejer pero se quedaba dormida.<\/p>\n\n\n\n<p> No le gustaba bailar pero si la musica,  las Jilguerillas, Luis y Julian, Carlos y Jos\u00e9, eran de sus preferidos.<\/p>\n\n\n\n<p>Se dormia oyendo las novelas , pero sentia cuando le cambiabas a la tele. Le gustaba mucho ir a los mercados y comprarse alguna blusa usada.<\/p>\n\n\n\n<p>Rega\u00f1aba a los ni\u00f1os que le anduvieran pegando al barandal de la casa, se peleaba por que la vecina le echaba la basura. Nos hacia asado para ocasiones especiales.  Tenia un menu semanal.  Amaba sus plantas y  a su ni\u00f1as.<\/p>\n\n\n\n<figure class=\"wp-block-image size-full\"><img loading=\"lazy\" decoding=\"async\" width=\"306\" height=\"532\" src=\"https:\/\/elizatrejo.com\/wp-content\/uploads\/2023\/07\/image-1.png\" alt=\"\" class=\"wp-image-999\" srcset=\"https:\/\/elizatrejo.com\/wp-content\/uploads\/2023\/07\/image-1.png 306w, https:\/\/elizatrejo.com\/wp-content\/uploads\/2023\/07\/image-1-173x300.png 173w\" sizes=\"auto, (max-width: 306px) 100vw, 306px\" \/><\/figure>\n\n\n\n<p>Despu\u00e9s de su muerte&#8230;<\/p>\n\n\n\n<p><\/p>\n\n\n\n<p>En un cielo estrellado, en el ruido de las gotas de lluvia sobre lamina, en el aroma de tu ropa que a\u00fan conservo, en tus ojos tristes que me heredaste.<\/p>\n\n\n\n<p>Tu tolerancia ante mi impulso altruista de traer a la casa cuanto animal pudiera.<\/p>\n\n\n\n<p>As\u00ed te recuerdo mujer hermosa, posiblemente en estos momentos no encuentre un prop\u00f3sito de vida. Se que el tiempo me ayudara a amoldarlo. Y que el amor que nos transmitiste con tu inocencia y esp\u00edritu luchador se expandir\u00e1 a trav\u00e9s de <a><\/a>estos seres que nacieron de tu vientre.<\/p>\n\n\n\n<p>Aun no me hago a la idea, a pesar de haber besado tu cuerpo fr\u00edo.<\/p>\n\n\n\n<p><\/p>\n\n\n\n<p><\/p>\n","protected":false},"excerpt":{"rendered":"<p>Sobre mi madre Maria del Socorro Garc\u00eda Hern\u00e1ndez Coco como le decia la mayoria de la gente, a la edad de 18 dejo su pueblo en San Luis Potos\u00ed, lleg\u00f3 con muchos sue\u00f1os a Monterrey,<span class=\"more-button\"><a href=\"https:\/\/elizatrejo.com\/index.php\/relatos\/\" class=\"more-link\">Continue reading<span class=\"screen-reader-text\">Relatos<\/span><i class=\"fa fa-angle-right\" aria-hidden=\"true\"><\/i><\/a><\/span><\/p>\n","protected":false},"author":2,"featured_media":0,"parent":0,"menu_order":0,"comment_status":"closed","ping_status":"closed","template":"","meta":{"ngg_post_thumbnail":0,"footnotes":""},"class_list":["post-997","page","type-page","status-publish","hentry"],"_links":{"self":[{"href":"https:\/\/elizatrejo.com\/index.php\/wp-json\/wp\/v2\/pages\/997","targetHints":{"allow":["GET"]}}],"collection":[{"href":"https:\/\/elizatrejo.com\/index.php\/wp-json\/wp\/v2\/pages"}],"about":[{"href":"https:\/\/elizatrejo.com\/index.php\/wp-json\/wp\/v2\/types\/page"}],"author":[{"embeddable":true,"href":"https:\/\/elizatrejo.com\/index.php\/wp-json\/wp\/v2\/users\/2"}],"replies":[{"embeddable":true,"href":"https:\/\/elizatrejo.com\/index.php\/wp-json\/wp\/v2\/comments?post=997"}],"version-history":[{"count":6,"href":"https:\/\/elizatrejo.com\/index.php\/wp-json\/wp\/v2\/pages\/997\/revisions"}],"predecessor-version":[{"id":1012,"href":"https:\/\/elizatrejo.com\/index.php\/wp-json\/wp\/v2\/pages\/997\/revisions\/1012"}],"wp:attachment":[{"href":"https:\/\/elizatrejo.com\/index.php\/wp-json\/wp\/v2\/media?parent=997"}],"curies":[{"name":"wp","href":"https:\/\/api.w.org\/{rel}","templated":true}]}}