{"id":8,"date":"2023-02-28T03:44:26","date_gmt":"2023-02-28T03:44:26","guid":{"rendered":"https:\/\/elizatrejo.com\/?page_id=8"},"modified":"2025-05-06T20:11:16","modified_gmt":"2025-05-06T20:11:16","slug":"bienvenidxs","status":"publish","type":"page","link":"https:\/\/elizatrejo.com\/index.php\/bienvenidxs\/","title":{"rendered":"\u00bfqui\u00e9n soy?"},"content":{"rendered":"\n<p class=\"has-small-font-size\" id=\"block-144c4473-a835-44fa-b505-4b38ddfe4d2f\"><\/p>\n\n\n\n<div class=\"wp-block-media-text alignwide has-media-on-the-right is-stacked-on-mobile\" style=\"grid-template-columns:auto 15%\"><div class=\"wp-block-media-text__content\">\n<p class=\"has-silver-background-color has-background has-small-font-size\">Mi nombre es Elizabeth, mis proyectos son introspectivos, que se desarrollan desde mi cotidianidad y \u00a0diversas cuestiones humanas que me asustan o me causan curiosidad, como la muerte, las relaciones afectivas y mi sentir como mujer. Me he apropiado de mi \u00e1lbum familiar y de otras personas como fuente de creaci\u00f3n y a la vez utilizo revistas de una antigua colecci\u00f3n propia y otras que adquiero en diferentes mercados . Tomo fotos a todo lo que se me atraviesa o me atraviesa, en digital u otros medios alternos (instax, polaroid, an\u00e1logo).<\/p>\n<\/div><figure class=\"wp-block-media-text__media\"><img loading=\"lazy\" decoding=\"async\" width=\"683\" height=\"1024\" src=\"https:\/\/elizatrejo.com\/wp-content\/uploads\/2025\/05\/DSC_8959-683x1024.jpg\" alt=\"\" class=\"wp-image-1941 size-full\" srcset=\"https:\/\/elizatrejo.com\/wp-content\/uploads\/2025\/05\/DSC_8959-683x1024.jpg 683w, https:\/\/elizatrejo.com\/wp-content\/uploads\/2025\/05\/DSC_8959-200x300.jpg 200w, https:\/\/elizatrejo.com\/wp-content\/uploads\/2025\/05\/DSC_8959-768x1152.jpg 768w, https:\/\/elizatrejo.com\/wp-content\/uploads\/2025\/05\/DSC_8959-1024x1536.jpg 1024w, https:\/\/elizatrejo.com\/wp-content\/uploads\/2025\/05\/DSC_8959-1365x2048.jpg 1365w, https:\/\/elizatrejo.com\/wp-content\/uploads\/2025\/05\/DSC_8959-473x710.jpg 473w, https:\/\/elizatrejo.com\/wp-content\/uploads\/2025\/05\/DSC_8959-720x1080.jpg 720w, https:\/\/elizatrejo.com\/wp-content\/uploads\/2025\/05\/DSC_8959-scaled.jpg 1707w\" sizes=\"auto, (max-width: 683px) 100vw, 683px\" \/><\/figure><\/div>\n\n\n\n<p><\/p>\n","protected":false},"excerpt":{"rendered":"<p>Mi nombre es Elizabeth, mis proyectos son introspectivos, que se desarrollan desde mi cotidianidad y \u00a0diversas cuestiones humanas que me asustan o me causan curiosidad, como la muerte, las relaciones afectivas y mi sentir como<span class=\"more-button\"><a href=\"https:\/\/elizatrejo.com\/index.php\/bienvenidxs\/\" class=\"more-link\">Continue reading<span class=\"screen-reader-text\">\u00bfqui\u00e9n soy?<\/span><i class=\"fa fa-angle-right\" aria-hidden=\"true\"><\/i><\/a><\/span><\/p>\n","protected":false},"author":1,"featured_media":0,"parent":0,"menu_order":0,"comment_status":"closed","ping_status":"closed","template":"","meta":{"ngg_post_thumbnail":0,"footnotes":""},"class_list":["post-8","page","type-page","status-publish","hentry"],"_links":{"self":[{"href":"https:\/\/elizatrejo.com\/index.php\/wp-json\/wp\/v2\/pages\/8","targetHints":{"allow":["GET"]}}],"collection":[{"href":"https:\/\/elizatrejo.com\/index.php\/wp-json\/wp\/v2\/pages"}],"about":[{"href":"https:\/\/elizatrejo.com\/index.php\/wp-json\/wp\/v2\/types\/page"}],"author":[{"embeddable":true,"href":"https:\/\/elizatrejo.com\/index.php\/wp-json\/wp\/v2\/users\/1"}],"replies":[{"embeddable":true,"href":"https:\/\/elizatrejo.com\/index.php\/wp-json\/wp\/v2\/comments?post=8"}],"version-history":[{"count":20,"href":"https:\/\/elizatrejo.com\/index.php\/wp-json\/wp\/v2\/pages\/8\/revisions"}],"predecessor-version":[{"id":1943,"href":"https:\/\/elizatrejo.com\/index.php\/wp-json\/wp\/v2\/pages\/8\/revisions\/1943"}],"wp:attachment":[{"href":"https:\/\/elizatrejo.com\/index.php\/wp-json\/wp\/v2\/media?parent=8"}],"curies":[{"name":"wp","href":"https:\/\/api.w.org\/{rel}","templated":true}]}}