{"id":561,"date":"2023-04-20T14:59:33","date_gmt":"2023-04-20T14:59:33","guid":{"rendered":"https:\/\/elizatrejo.com\/?page_id=561"},"modified":"2023-04-20T19:36:48","modified_gmt":"2023-04-20T19:36:48","slug":"nancy-gonzalez","status":"publish","type":"page","link":"https:\/\/elizatrejo.com\/index.php\/nancy-gonzalez\/","title":{"rendered":"Nancy Gonz\u00e1lez"},"content":{"rendered":"\n<figure class=\"wp-block-image size-large is-resized\"><img loading=\"lazy\" decoding=\"async\" src=\"https:\/\/elizatrejo.com\/wp-content\/uploads\/2023\/04\/titulo_negro-1024x512.png\" alt=\"\" class=\"wp-image-657\" width=\"100\" height=\"50\" srcset=\"https:\/\/elizatrejo.com\/wp-content\/uploads\/2023\/04\/titulo_negro-1024x512.png 1024w, https:\/\/elizatrejo.com\/wp-content\/uploads\/2023\/04\/titulo_negro-300x150.png 300w, https:\/\/elizatrejo.com\/wp-content\/uploads\/2023\/04\/titulo_negro-768x384.png 768w, https:\/\/elizatrejo.com\/wp-content\/uploads\/2023\/04\/titulo_negro.png 1080w\" sizes=\"auto, (max-width: 100px) 100vw, 100px\" \/><\/figure>\n\n\n\n<p><strong>Conectar-desconectar<\/strong><\/p>\n\n\n\n<p>Estas piezas surgen en mi constante autoexploraci\u00f3n durante la pandemia, suceso que gener\u00f3 en tantas y tantos, una disociaci\u00f3n en la autopercepci\u00f3n. Us\u00e9 la Instax mini como novedosa herramienta de expresi\u00f3n para averiguar si un formato distinto podr\u00eda darme interpretaciones distintas de lo que estaba viviendo internamente: deconstrucci\u00f3n, desconexi\u00f3n, reconexi\u00f3n.<\/p>\n\n\n\n<figure class=\"wp-block-image size-large\"><img loading=\"lazy\" decoding=\"async\" width=\"1024\" height=\"904\" src=\"https:\/\/elizatrejo.com\/wp-content\/uploads\/2023\/04\/Conectar-Desconectar-1-1024x904.jpeg\" alt=\"\" class=\"wp-image-564\" srcset=\"https:\/\/elizatrejo.com\/wp-content\/uploads\/2023\/04\/Conectar-Desconectar-1-1024x904.jpeg 1024w, https:\/\/elizatrejo.com\/wp-content\/uploads\/2023\/04\/Conectar-Desconectar-1-300x265.jpeg 300w, https:\/\/elizatrejo.com\/wp-content\/uploads\/2023\/04\/Conectar-Desconectar-1-768x678.jpeg 768w, https:\/\/elizatrejo.com\/wp-content\/uploads\/2023\/04\/Conectar-Desconectar-1.jpeg 1032w\" sizes=\"auto, (max-width: 1024px) 100vw, 1024px\" \/><\/figure>\n\n\n\n<div class=\"wp-block-columns is-layout-flex wp-container-core-columns-is-layout-9d6595d7 wp-block-columns-is-layout-flex\">\n<div class=\"wp-block-column is-layout-flow wp-block-column-is-layout-flow\" style=\"flex-basis:100%\">\n<div class=\"wp-block-flipbox-block-flipbox flip-box-block\" style=\"height:500px\"><div class=\"flip-box-block-innner\">\n<div class=\"wp-block-flipbox-block-flipbox-front flip-box-block-front\"><div class=\"flip-box-block-front-inner is-layout-flow wp-block-flipbox-front-is-layout-flow\">\n<figure class=\"wp-block-image size-large\"><img loading=\"lazy\" decoding=\"async\" width=\"1024\" height=\"1024\" src=\"https:\/\/elizatrejo.com\/wp-content\/uploads\/2023\/04\/14-1024x1024.png\" alt=\"\" class=\"wp-image-676\" srcset=\"https:\/\/elizatrejo.com\/wp-content\/uploads\/2023\/04\/14-1024x1024.png 1024w, https:\/\/elizatrejo.com\/wp-content\/uploads\/2023\/04\/14-300x300.png 300w, https:\/\/elizatrejo.com\/wp-content\/uploads\/2023\/04\/14-150x150.png 150w, https:\/\/elizatrejo.com\/wp-content\/uploads\/2023\/04\/14-768x768.png 768w, https:\/\/elizatrejo.com\/wp-content\/uploads\/2023\/04\/14-100x100.png 100w, https:\/\/elizatrejo.com\/wp-content\/uploads\/2023\/04\/14.png 1080w\" sizes=\"auto, (max-width: 1024px) 100vw, 1024px\" \/><\/figure>\n<\/div><\/div>\n\n\n\n<div class=\"wp-block-flipbox-block-flipbox-back flip-box-block-back\"><div class=\"flip-box-block-back-inner is-layout-flow wp-block-flipbox-back-is-layout-flow\">\n<figure class=\"wp-block-image size-large\"><img loading=\"lazy\" decoding=\"async\" width=\"1024\" height=\"1024\" src=\"https:\/\/elizatrejo.com\/wp-content\/uploads\/2023\/04\/15-1024x1024.png\" alt=\"\" class=\"wp-image-677\" srcset=\"https:\/\/elizatrejo.com\/wp-content\/uploads\/2023\/04\/15-1024x1024.png 1024w, https:\/\/elizatrejo.com\/wp-content\/uploads\/2023\/04\/15-300x300.png 300w, https:\/\/elizatrejo.com\/wp-content\/uploads\/2023\/04\/15-150x150.png 150w, https:\/\/elizatrejo.com\/wp-content\/uploads\/2023\/04\/15-768x768.png 768w, https:\/\/elizatrejo.com\/wp-content\/uploads\/2023\/04\/15-100x100.png 100w, https:\/\/elizatrejo.com\/wp-content\/uploads\/2023\/04\/15.png 1080w\" sizes=\"auto, (max-width: 1024px) 100vw, 1024px\" \/><\/figure>\n<\/div><\/div>\n<\/div><\/div>\n<\/div>\n<\/div>\n","protected":false},"excerpt":{"rendered":"<p>Conectar-desconectar Estas piezas surgen en mi constante autoexploraci\u00f3n durante la pandemia, suceso que gener\u00f3 en tantas y tantos, una disociaci\u00f3n en la autopercepci\u00f3n. Us\u00e9 la Instax mini como novedosa herramienta de expresi\u00f3n para averiguar si<span class=\"more-button\"><a href=\"https:\/\/elizatrejo.com\/index.php\/nancy-gonzalez\/\" class=\"more-link\">Continue reading<span class=\"screen-reader-text\">Nancy Gonz\u00e1lez<\/span><i class=\"fa fa-angle-right\" aria-hidden=\"true\"><\/i><\/a><\/span><\/p>\n","protected":false},"author":2,"featured_media":0,"parent":0,"menu_order":0,"comment_status":"closed","ping_status":"closed","template":"","meta":{"ngg_post_thumbnail":0,"footnotes":""},"class_list":["post-561","page","type-page","status-publish","hentry"],"_links":{"self":[{"href":"https:\/\/elizatrejo.com\/index.php\/wp-json\/wp\/v2\/pages\/561","targetHints":{"allow":["GET"]}}],"collection":[{"href":"https:\/\/elizatrejo.com\/index.php\/wp-json\/wp\/v2\/pages"}],"about":[{"href":"https:\/\/elizatrejo.com\/index.php\/wp-json\/wp\/v2\/types\/page"}],"author":[{"embeddable":true,"href":"https:\/\/elizatrejo.com\/index.php\/wp-json\/wp\/v2\/users\/2"}],"replies":[{"embeddable":true,"href":"https:\/\/elizatrejo.com\/index.php\/wp-json\/wp\/v2\/comments?post=561"}],"version-history":[{"count":5,"href":"https:\/\/elizatrejo.com\/index.php\/wp-json\/wp\/v2\/pages\/561\/revisions"}],"predecessor-version":[{"id":678,"href":"https:\/\/elizatrejo.com\/index.php\/wp-json\/wp\/v2\/pages\/561\/revisions\/678"}],"wp:attachment":[{"href":"https:\/\/elizatrejo.com\/index.php\/wp-json\/wp\/v2\/media?parent=561"}],"curies":[{"name":"wp","href":"https:\/\/api.w.org\/{rel}","templated":true}]}}