{"id":559,"date":"2023-04-20T14:58:18","date_gmt":"2023-04-20T14:58:18","guid":{"rendered":"https:\/\/elizatrejo.com\/?page_id=559"},"modified":"2023-04-20T19:41:31","modified_gmt":"2023-04-20T19:41:31","slug":"kat-azul","status":"publish","type":"page","link":"https:\/\/elizatrejo.com\/index.php\/kat-azul\/","title":{"rendered":"Kat Azul"},"content":{"rendered":"\n<figure class=\"wp-block-image size-large is-resized\"><img loading=\"lazy\" decoding=\"async\" src=\"https:\/\/elizatrejo.com\/wp-content\/uploads\/2023\/04\/titulo_negro-1024x512.png\" alt=\"\" class=\"wp-image-657\" width=\"100\" height=\"50\" srcset=\"https:\/\/elizatrejo.com\/wp-content\/uploads\/2023\/04\/titulo_negro-1024x512.png 1024w, https:\/\/elizatrejo.com\/wp-content\/uploads\/2023\/04\/titulo_negro-300x150.png 300w, https:\/\/elizatrejo.com\/wp-content\/uploads\/2023\/04\/titulo_negro-768x384.png 768w, https:\/\/elizatrejo.com\/wp-content\/uploads\/2023\/04\/titulo_negro.png 1080w\" sizes=\"auto, (max-width: 100px) 100vw, 100px\" \/><\/figure>\n\n\n\n<p><strong>Proyecto: &#8220;El Derrumbe que se so\u00f1\u00f3&#8221;<\/strong><br>Tras una serie de eventos desafortunados ocurridos a ra\u00edz de la guerra contra el narco en el 2010, mi familia tuvo que desplazarse de Monterrey, Nuevo Le\u00f3n para regresar a la capital de Durango. Durante 2 a\u00f1os nos encontramos viviendo en distintos lugares, mud\u00e1ndonos constantemente, empacando y desempacando sin encontrar un espacio estable donde vivir, Intentando construir un hogar e intentando convivir como familia con mis papas aun cuando ellos se encontraban separados.<br>Tras un episodio de violencia, por parte de mi pap\u00e1, decidimos irnos y buscar un nuevo espacio, esta vez mi mam\u00e1, mi hermano y yo. Fue as\u00ed como encontramos la casa de la calle Gabino Barreda, en el Centro de Durango. Esta peque\u00f1a casa de paredes de azulejo color terracota y tapiz de flores fue nuestro refugio,<br>hogar que construimos de poco a poco, repar\u00e1ndolo de poco a poco mientras el espacio nos permit\u00eda sanar nuestras heridas de las vivencias de los \u00faltimos a\u00f1os. Fue este espacio el m\u00e1s querido y amado, donde viv\u00ed mi adolescencia y mi hermano su ni\u00f1ez. Pintando la cocina de rojo, escribiendo mensajes de amor en las paredes. Siempre con m\u00fasica. Un oasis donde no exist\u00edan los gritos, ni dolor, ni miedo. Esta peque\u00f1a y vieja casa, se convirti\u00f3 en nuestro hogar, donde cada vez que llov\u00eda mi mama bromeaba con que el techo se caer\u00eda de lo vieja.<\/p>\n\n\n\n<p><br>Despu\u00e9s de unos a\u00f1os tuvimos que separarnos para regresar a Monterrey, primero yo y despu\u00e9s mi hermano. En la casa permaneci\u00f3 mi mama, volviendo cada vacaciones con el anhelo de volver a estar juntos, la casa aunque m\u00e1gica no era lo mismo sin los tres. Un d\u00eda un t\u00edo so\u00f1\u00f3 que mi mam\u00e1 deb\u00eda irse de esa casa, ella tom\u00f3 la decisi\u00f3n de volver a Monterrey para estar con nosotros. Hizo sus maletas y dej\u00f3 nuestra casa. 3 d\u00edas despu\u00e9s el techo se cay\u00f3.<br>Este espacio nos dio tanto, y cuando nos fuimos se derrumb\u00f3. Me gusta pensar en ella como un ser vivo viejo, que nos alberg\u00f3, ayud\u00f3 y resisti\u00f3. Cuando nos fuimos, finalmente se dej\u00f3 ir. La serie &#8220;El Derrumbe que se so\u00f1\u00f3&#8221; es una despedida y agradecimiento, pero tambi\u00e9n la b\u00fasqueda de un recuerdo tangible de el espacio que se convirti\u00f3 en nuestro hogar y que formar\u00e1 parte de nuestro cimientos, memoria y coraz\u00f3n siempre.<\/p>\n\n\n\n<figure class=\"wp-block-gallery has-nested-images columns-4 is-cropped wp-block-gallery-1 is-layout-flex wp-block-gallery-is-layout-flex\">\n<figure class=\"wp-block-image size-large\"><a href=\"https:\/\/elizatrejo.com\/wp-content\/uploads\/2023\/04\/clorotipia-2-scaled.jpg\"><img loading=\"lazy\" decoding=\"async\" width=\"736\" height=\"1024\" data-id=\"624\" src=\"https:\/\/elizatrejo.com\/wp-content\/uploads\/2023\/04\/clorotipia-2-736x1024.jpg\" alt=\"\" class=\"wp-image-624\" srcset=\"https:\/\/elizatrejo.com\/wp-content\/uploads\/2023\/04\/clorotipia-2-736x1024.jpg 736w, https:\/\/elizatrejo.com\/wp-content\/uploads\/2023\/04\/clorotipia-2-216x300.jpg 216w, https:\/\/elizatrejo.com\/wp-content\/uploads\/2023\/04\/clorotipia-2-768x1068.jpg 768w, https:\/\/elizatrejo.com\/wp-content\/uploads\/2023\/04\/clorotipia-2-1105x1536.jpg 1105w, https:\/\/elizatrejo.com\/wp-content\/uploads\/2023\/04\/clorotipia-2-1473x2048.jpg 1473w, https:\/\/elizatrejo.com\/wp-content\/uploads\/2023\/04\/clorotipia-2-scaled.jpg 1841w\" sizes=\"auto, (max-width: 736px) 100vw, 736px\" \/><\/a><\/figure>\n\n\n\n<figure class=\"wp-block-image size-large\"><a href=\"https:\/\/elizatrejo.com\/wp-content\/uploads\/2023\/04\/clorotipia-3-scaled.jpg\"><img loading=\"lazy\" decoding=\"async\" width=\"736\" height=\"1024\" data-id=\"623\" src=\"https:\/\/elizatrejo.com\/wp-content\/uploads\/2023\/04\/clorotipia-3-736x1024.jpg\" alt=\"\" class=\"wp-image-623\" srcset=\"https:\/\/elizatrejo.com\/wp-content\/uploads\/2023\/04\/clorotipia-3-736x1024.jpg 736w, https:\/\/elizatrejo.com\/wp-content\/uploads\/2023\/04\/clorotipia-3-216x300.jpg 216w, https:\/\/elizatrejo.com\/wp-content\/uploads\/2023\/04\/clorotipia-3-768x1068.jpg 768w, https:\/\/elizatrejo.com\/wp-content\/uploads\/2023\/04\/clorotipia-3-1105x1536.jpg 1105w, https:\/\/elizatrejo.com\/wp-content\/uploads\/2023\/04\/clorotipia-3-1473x2048.jpg 1473w, https:\/\/elizatrejo.com\/wp-content\/uploads\/2023\/04\/clorotipia-3-scaled.jpg 1841w\" sizes=\"auto, (max-width: 736px) 100vw, 736px\" \/><\/a><\/figure>\n\n\n\n<figure class=\"wp-block-image size-large\"><a href=\"https:\/\/elizatrejo.com\/wp-content\/uploads\/2023\/04\/clorotipia-4-scaled.jpg\"><img loading=\"lazy\" decoding=\"async\" width=\"736\" height=\"1024\" data-id=\"626\" src=\"https:\/\/elizatrejo.com\/wp-content\/uploads\/2023\/04\/clorotipia-4-736x1024.jpg\" alt=\"\" class=\"wp-image-626\" srcset=\"https:\/\/elizatrejo.com\/wp-content\/uploads\/2023\/04\/clorotipia-4-736x1024.jpg 736w, https:\/\/elizatrejo.com\/wp-content\/uploads\/2023\/04\/clorotipia-4-216x300.jpg 216w, https:\/\/elizatrejo.com\/wp-content\/uploads\/2023\/04\/clorotipia-4-768x1068.jpg 768w, https:\/\/elizatrejo.com\/wp-content\/uploads\/2023\/04\/clorotipia-4-1105x1536.jpg 1105w, https:\/\/elizatrejo.com\/wp-content\/uploads\/2023\/04\/clorotipia-4-1473x2048.jpg 1473w, https:\/\/elizatrejo.com\/wp-content\/uploads\/2023\/04\/clorotipia-4-scaled.jpg 1841w\" sizes=\"auto, (max-width: 736px) 100vw, 736px\" \/><\/a><\/figure>\n\n\n\n<figure class=\"wp-block-image size-large\"><a href=\"https:\/\/elizatrejo.com\/wp-content\/uploads\/2023\/04\/Clorotipia-1-scaled.jpg\"><img loading=\"lazy\" decoding=\"async\" width=\"736\" height=\"1024\" data-id=\"625\" src=\"https:\/\/elizatrejo.com\/wp-content\/uploads\/2023\/04\/Clorotipia-1-736x1024.jpg\" alt=\"\" class=\"wp-image-625\" srcset=\"https:\/\/elizatrejo.com\/wp-content\/uploads\/2023\/04\/Clorotipia-1-736x1024.jpg 736w, https:\/\/elizatrejo.com\/wp-content\/uploads\/2023\/04\/Clorotipia-1-216x300.jpg 216w, https:\/\/elizatrejo.com\/wp-content\/uploads\/2023\/04\/Clorotipia-1-768x1068.jpg 768w, https:\/\/elizatrejo.com\/wp-content\/uploads\/2023\/04\/Clorotipia-1-1105x1536.jpg 1105w, https:\/\/elizatrejo.com\/wp-content\/uploads\/2023\/04\/Clorotipia-1-1473x2048.jpg 1473w, https:\/\/elizatrejo.com\/wp-content\/uploads\/2023\/04\/Clorotipia-1-scaled.jpg 1841w\" sizes=\"auto, (max-width: 736px) 100vw, 736px\" \/><\/a><\/figure>\n<\/figure>\n\n\n\n<div class=\"wp-block-flipbox-block-flipbox flip-box-block\" style=\"height:500px\"><div class=\"flip-box-block-innner\">\n<div class=\"wp-block-flipbox-block-flipbox-front flip-box-block-front\"><div class=\"flip-box-block-front-inner is-layout-flow wp-block-flipbox-front-is-layout-flow\">\n<figure class=\"wp-block-image size-large\"><img loading=\"lazy\" decoding=\"async\" width=\"1024\" height=\"1024\" src=\"https:\/\/elizatrejo.com\/wp-content\/uploads\/2023\/04\/6-1024x1024.png\" alt=\"\" class=\"wp-image-679\" srcset=\"https:\/\/elizatrejo.com\/wp-content\/uploads\/2023\/04\/6-1024x1024.png 1024w, https:\/\/elizatrejo.com\/wp-content\/uploads\/2023\/04\/6-300x300.png 300w, https:\/\/elizatrejo.com\/wp-content\/uploads\/2023\/04\/6-150x150.png 150w, https:\/\/elizatrejo.com\/wp-content\/uploads\/2023\/04\/6-768x768.png 768w, https:\/\/elizatrejo.com\/wp-content\/uploads\/2023\/04\/6-100x100.png 100w, https:\/\/elizatrejo.com\/wp-content\/uploads\/2023\/04\/6.png 1350w\" sizes=\"auto, (max-width: 1024px) 100vw, 1024px\" \/><\/figure>\n<\/div><\/div>\n\n\n\n<div class=\"wp-block-flipbox-block-flipbox-back flip-box-block-back\"><div class=\"flip-box-block-back-inner is-layout-flow wp-block-flipbox-back-is-layout-flow\">\n<figure class=\"wp-block-image size-large\"><img loading=\"lazy\" decoding=\"async\" width=\"1024\" height=\"1024\" src=\"https:\/\/elizatrejo.com\/wp-content\/uploads\/2023\/04\/7-1-1024x1024.png\" alt=\"\" class=\"wp-image-680\" srcset=\"https:\/\/elizatrejo.com\/wp-content\/uploads\/2023\/04\/7-1-1024x1024.png 1024w, https:\/\/elizatrejo.com\/wp-content\/uploads\/2023\/04\/7-1-300x300.png 300w, https:\/\/elizatrejo.com\/wp-content\/uploads\/2023\/04\/7-1-150x150.png 150w, https:\/\/elizatrejo.com\/wp-content\/uploads\/2023\/04\/7-1-768x768.png 768w, https:\/\/elizatrejo.com\/wp-content\/uploads\/2023\/04\/7-1-100x100.png 100w, https:\/\/elizatrejo.com\/wp-content\/uploads\/2023\/04\/7-1.png 1350w\" sizes=\"auto, (max-width: 1024px) 100vw, 1024px\" \/><\/figure>\n<\/div><\/div>\n<\/div><\/div>\n","protected":false},"excerpt":{"rendered":"<p>Proyecto: &#8220;El Derrumbe que se so\u00f1\u00f3&#8221;Tras una serie de eventos desafortunados ocurridos a ra\u00edz de la guerra contra el narco en el 2010, mi familia tuvo que desplazarse de Monterrey, Nuevo Le\u00f3n para regresar a<span class=\"more-button\"><a href=\"https:\/\/elizatrejo.com\/index.php\/kat-azul\/\" class=\"more-link\">Continue reading<span class=\"screen-reader-text\">Kat Azul<\/span><i class=\"fa fa-angle-right\" aria-hidden=\"true\"><\/i><\/a><\/span><\/p>\n","protected":false},"author":2,"featured_media":0,"parent":0,"menu_order":0,"comment_status":"closed","ping_status":"closed","template":"","meta":{"ngg_post_thumbnail":0,"footnotes":""},"class_list":["post-559","page","type-page","status-publish","hentry"],"_links":{"self":[{"href":"https:\/\/elizatrejo.com\/index.php\/wp-json\/wp\/v2\/pages\/559","targetHints":{"allow":["GET"]}}],"collection":[{"href":"https:\/\/elizatrejo.com\/index.php\/wp-json\/wp\/v2\/pages"}],"about":[{"href":"https:\/\/elizatrejo.com\/index.php\/wp-json\/wp\/v2\/types\/page"}],"author":[{"embeddable":true,"href":"https:\/\/elizatrejo.com\/index.php\/wp-json\/wp\/v2\/users\/2"}],"replies":[{"embeddable":true,"href":"https:\/\/elizatrejo.com\/index.php\/wp-json\/wp\/v2\/comments?post=559"}],"version-history":[{"count":8,"href":"https:\/\/elizatrejo.com\/index.php\/wp-json\/wp\/v2\/pages\/559\/revisions"}],"predecessor-version":[{"id":684,"href":"https:\/\/elizatrejo.com\/index.php\/wp-json\/wp\/v2\/pages\/559\/revisions\/684"}],"wp:attachment":[{"href":"https:\/\/elizatrejo.com\/index.php\/wp-json\/wp\/v2\/media?parent=559"}],"curies":[{"name":"wp","href":"https:\/\/api.w.org\/{rel}","templated":true}]}}