{"id":557,"date":"2023-04-20T14:58:05","date_gmt":"2023-04-20T14:58:05","guid":{"rendered":"https:\/\/elizatrejo.com\/?page_id=557"},"modified":"2025-05-07T00:34:40","modified_gmt":"2025-05-07T00:34:40","slug":"gladys-banuelos","status":"publish","type":"page","link":"https:\/\/elizatrejo.com\/index.php\/gladys-banuelos\/","title":{"rendered":"Gladys Ba\u00f1uelos"},"content":{"rendered":"\n<figure class=\"wp-block-image size-large is-resized\"><img loading=\"lazy\" decoding=\"async\" width=\"1024\" height=\"512\" src=\"https:\/\/elizatrejo.com\/wp-content\/uploads\/2023\/04\/titulo_negro-1024x512.png\" alt=\"\" class=\"wp-image-657\" style=\"width:100px;height:50px\" srcset=\"https:\/\/elizatrejo.com\/wp-content\/uploads\/2023\/04\/titulo_negro-1024x512.png 1024w, https:\/\/elizatrejo.com\/wp-content\/uploads\/2023\/04\/titulo_negro-300x150.png 300w, https:\/\/elizatrejo.com\/wp-content\/uploads\/2023\/04\/titulo_negro-768x384.png 768w, https:\/\/elizatrejo.com\/wp-content\/uploads\/2023\/04\/titulo_negro.png 1080w\" sizes=\"auto, (max-width: 1024px) 100vw, 1024px\" \/><\/figure>\n\n\n\n<p><strong>Lun\u00e1tica<\/strong><\/p>\n\n\n\n<p>Desde concepciones ancestrales, los cuerpos celestiales se saben entrelazados con nuestra experiencia f\u00edsica del mundo y la naturaleza, principalmente, la mujer tiene una particular conexi\u00f3n con el astro Lunar. Ahondar e integrar nuestros ciclos femeninos con los lunares, tiene como resultado un florecimiento de armon\u00eda interna, r\u00edtmica y natural.Esto es algo que se puede percibir en el trabajo de la artista, en \u00e9l, nos ofrece el resultado visual de las sincronicidades que ella ha encontrado en su existir y desea motivarnos a tener un encuentro personal con la Luna.<\/p>\n\n\n\n<p><\/p>\n\n\n\n<figure class=\"wp-block-gallery has-nested-images columns-2 is-cropped wp-block-gallery-1 is-layout-flex wp-block-gallery-is-layout-flex\">\n<figure class=\"wp-block-image size-large\"><a href=\"https:\/\/elizatrejo.com\/wp-content\/uploads\/2023\/04\/Flaart_1.jpg\"><img loading=\"lazy\" decoding=\"async\" width=\"1024\" height=\"683\" data-id=\"646\" src=\"https:\/\/elizatrejo.com\/wp-content\/uploads\/2023\/04\/Flaart_1-1024x683.jpg\" alt=\"\" class=\"wp-image-646\" srcset=\"https:\/\/elizatrejo.com\/wp-content\/uploads\/2023\/04\/Flaart_1-1024x683.jpg 1024w, https:\/\/elizatrejo.com\/wp-content\/uploads\/2023\/04\/Flaart_1-300x200.jpg 300w, https:\/\/elizatrejo.com\/wp-content\/uploads\/2023\/04\/Flaart_1-768x512.jpg 768w, https:\/\/elizatrejo.com\/wp-content\/uploads\/2023\/04\/Flaart_1.jpg 1200w\" sizes=\"auto, (max-width: 1024px) 100vw, 1024px\" \/><\/a><\/figure>\n\n\n\n<figure class=\"wp-block-image size-large\"><a href=\"https:\/\/elizatrejo.com\/wp-content\/uploads\/2023\/04\/Gladaart_002.jpg\"><img loading=\"lazy\" decoding=\"async\" width=\"1024\" height=\"683\" data-id=\"648\" src=\"https:\/\/elizatrejo.com\/wp-content\/uploads\/2023\/04\/Gladaart_002-1024x683.jpg\" alt=\"\" class=\"wp-image-648\" srcset=\"https:\/\/elizatrejo.com\/wp-content\/uploads\/2023\/04\/Gladaart_002-1024x683.jpg 1024w, https:\/\/elizatrejo.com\/wp-content\/uploads\/2023\/04\/Gladaart_002-300x200.jpg 300w, https:\/\/elizatrejo.com\/wp-content\/uploads\/2023\/04\/Gladaart_002-768x512.jpg 768w, https:\/\/elizatrejo.com\/wp-content\/uploads\/2023\/04\/Gladaart_002.jpg 1200w\" sizes=\"auto, (max-width: 1024px) 100vw, 1024px\" \/><\/a><\/figure>\n\n\n\n<figure class=\"wp-block-image size-large\"><a href=\"https:\/\/elizatrejo.com\/wp-content\/uploads\/2023\/04\/Flaart_2_001-2.jpg\"><img loading=\"lazy\" decoding=\"async\" width=\"1024\" height=\"683\" data-id=\"647\" src=\"https:\/\/elizatrejo.com\/wp-content\/uploads\/2023\/04\/Flaart_2_001-2-1024x683.jpg\" alt=\"\" class=\"wp-image-647\" srcset=\"https:\/\/elizatrejo.com\/wp-content\/uploads\/2023\/04\/Flaart_2_001-2-1024x683.jpg 1024w, https:\/\/elizatrejo.com\/wp-content\/uploads\/2023\/04\/Flaart_2_001-2-300x200.jpg 300w, https:\/\/elizatrejo.com\/wp-content\/uploads\/2023\/04\/Flaart_2_001-2-768x512.jpg 768w, https:\/\/elizatrejo.com\/wp-content\/uploads\/2023\/04\/Flaart_2_001-2.jpg 1200w\" sizes=\"auto, (max-width: 1024px) 100vw, 1024px\" \/><\/a><\/figure>\n\n\n\n<figure class=\"wp-block-image size-large\"><a href=\"https:\/\/elizatrejo.com\/wp-content\/uploads\/2023\/04\/Hogarnatura_015-1.jpg\"><img loading=\"lazy\" decoding=\"async\" width=\"1024\" height=\"683\" data-id=\"650\" src=\"https:\/\/elizatrejo.com\/wp-content\/uploads\/2023\/04\/Hogarnatura_015-1-1024x683.jpg\" alt=\"\" class=\"wp-image-650\" srcset=\"https:\/\/elizatrejo.com\/wp-content\/uploads\/2023\/04\/Hogarnatura_015-1-1024x683.jpg 1024w, https:\/\/elizatrejo.com\/wp-content\/uploads\/2023\/04\/Hogarnatura_015-1-300x200.jpg 300w, https:\/\/elizatrejo.com\/wp-content\/uploads\/2023\/04\/Hogarnatura_015-1-768x512.jpg 768w, https:\/\/elizatrejo.com\/wp-content\/uploads\/2023\/04\/Hogarnatura_015-1.jpg 1200w\" sizes=\"auto, (max-width: 1024px) 100vw, 1024px\" \/><\/a><\/figure>\n<\/figure>\n\n\n\n<div class=\"wp-block-flipbox-block-flipbox flip-box-block\" style=\"height:500px\"><div class=\"flip-box-block-innner\">\n<div class=\"wp-block-flipbox-block-flipbox-front flip-box-block-front\"><div class=\"flip-box-block-front-inner is-layout-flow wp-block-flipbox-front-is-layout-flow\"><div class=\"wp-block-image is-style-default\">\n<figure class=\"aligncenter size-large is-resized\"><img loading=\"lazy\" decoding=\"async\" width=\"1024\" height=\"1024\" src=\"https:\/\/elizatrejo.com\/wp-content\/uploads\/2023\/04\/8-1024x1024.png\" alt=\"\" class=\"wp-image-652\" style=\"width:500px\" srcset=\"https:\/\/elizatrejo.com\/wp-content\/uploads\/2023\/04\/8-1024x1024.png 1024w, https:\/\/elizatrejo.com\/wp-content\/uploads\/2023\/04\/8-300x300.png 300w, https:\/\/elizatrejo.com\/wp-content\/uploads\/2023\/04\/8-150x150.png 150w, https:\/\/elizatrejo.com\/wp-content\/uploads\/2023\/04\/8-768x768.png 768w, https:\/\/elizatrejo.com\/wp-content\/uploads\/2023\/04\/8-100x100.png 100w, https:\/\/elizatrejo.com\/wp-content\/uploads\/2023\/04\/8.png 1080w\" sizes=\"auto, (max-width: 1024px) 100vw, 1024px\" \/><\/figure><\/div><\/div><\/div>\n\n\n\n<div class=\"wp-block-flipbox-block-flipbox-back flip-box-block-back\"><div class=\"flip-box-block-back-inner is-layout-flow wp-block-flipbox-back-is-layout-flow\"><div class=\"wp-block-image\">\n<figure class=\"aligncenter size-large is-resized\"><img loading=\"lazy\" decoding=\"async\" width=\"1024\" height=\"1024\" src=\"https:\/\/elizatrejo.com\/wp-content\/uploads\/2023\/04\/7-1024x1024.png\" alt=\"\" class=\"wp-image-654\" style=\"width:500px;height:auto\" srcset=\"https:\/\/elizatrejo.com\/wp-content\/uploads\/2023\/04\/7-1024x1024.png 1024w, https:\/\/elizatrejo.com\/wp-content\/uploads\/2023\/04\/7-300x300.png 300w, https:\/\/elizatrejo.com\/wp-content\/uploads\/2023\/04\/7-150x150.png 150w, https:\/\/elizatrejo.com\/wp-content\/uploads\/2023\/04\/7-768x768.png 768w, https:\/\/elizatrejo.com\/wp-content\/uploads\/2023\/04\/7-100x100.png 100w, https:\/\/elizatrejo.com\/wp-content\/uploads\/2023\/04\/7.png 1080w\" sizes=\"auto, (max-width: 1024px) 100vw, 1024px\" \/><\/figure><\/div><\/div><\/div>\n<\/div><\/div>\n\n\n\n<p><\/p>\n","protected":false},"excerpt":{"rendered":"<p>Lun\u00e1tica Desde concepciones ancestrales, los cuerpos celestiales se saben entrelazados con nuestra experiencia f\u00edsica del mundo y la naturaleza, principalmente, la mujer tiene una particular conexi\u00f3n con el astro Lunar. Ahondar e integrar nuestros ciclos<span class=\"more-button\"><a href=\"https:\/\/elizatrejo.com\/index.php\/gladys-banuelos\/\" class=\"more-link\">Continue reading<span class=\"screen-reader-text\">Gladys Ba\u00f1uelos<\/span><i class=\"fa fa-angle-right\" aria-hidden=\"true\"><\/i><\/a><\/span><\/p>\n","protected":false},"author":2,"featured_media":0,"parent":0,"menu_order":0,"comment_status":"closed","ping_status":"closed","template":"","meta":{"ngg_post_thumbnail":0,"footnotes":""},"class_list":["post-557","page","type-page","status-publish","hentry"],"_links":{"self":[{"href":"https:\/\/elizatrejo.com\/index.php\/wp-json\/wp\/v2\/pages\/557","targetHints":{"allow":["GET"]}}],"collection":[{"href":"https:\/\/elizatrejo.com\/index.php\/wp-json\/wp\/v2\/pages"}],"about":[{"href":"https:\/\/elizatrejo.com\/index.php\/wp-json\/wp\/v2\/types\/page"}],"author":[{"embeddable":true,"href":"https:\/\/elizatrejo.com\/index.php\/wp-json\/wp\/v2\/users\/2"}],"replies":[{"embeddable":true,"href":"https:\/\/elizatrejo.com\/index.php\/wp-json\/wp\/v2\/comments?post=557"}],"version-history":[{"count":7,"href":"https:\/\/elizatrejo.com\/index.php\/wp-json\/wp\/v2\/pages\/557\/revisions"}],"predecessor-version":[{"id":1982,"href":"https:\/\/elizatrejo.com\/index.php\/wp-json\/wp\/v2\/pages\/557\/revisions\/1982"}],"wp:attachment":[{"href":"https:\/\/elizatrejo.com\/index.php\/wp-json\/wp\/v2\/media?parent=557"}],"curies":[{"name":"wp","href":"https:\/\/api.w.org\/{rel}","templated":true}]}}