{"id":553,"date":"2023-04-20T14:57:31","date_gmt":"2023-04-20T14:57:31","guid":{"rendered":"https:\/\/elizatrejo.com\/?page_id=553"},"modified":"2023-04-20T19:21:58","modified_gmt":"2023-04-20T19:21:58","slug":"estefania-garza","status":"publish","type":"page","link":"https:\/\/elizatrejo.com\/index.php\/estefania-garza\/","title":{"rendered":"Estefania Garza"},"content":{"rendered":"\n<figure class=\"wp-block-image size-large is-resized\"><img loading=\"lazy\" decoding=\"async\" src=\"https:\/\/elizatrejo.com\/wp-content\/uploads\/2023\/04\/titulo_negro-1024x512.png\" alt=\"\" class=\"wp-image-657\" width=\"100\" height=\"50\" srcset=\"https:\/\/elizatrejo.com\/wp-content\/uploads\/2023\/04\/titulo_negro-1024x512.png 1024w, https:\/\/elizatrejo.com\/wp-content\/uploads\/2023\/04\/titulo_negro-300x150.png 300w, https:\/\/elizatrejo.com\/wp-content\/uploads\/2023\/04\/titulo_negro-768x384.png 768w, https:\/\/elizatrejo.com\/wp-content\/uploads\/2023\/04\/titulo_negro.png 1080w\" sizes=\"auto, (max-width: 100px) 100vw, 100px\" \/><\/figure>\n\n\n\n<p><\/p>\n\n\n\n<p><strong>Mea Vulva<\/strong><\/p>\n\n\n\n<p>Es un proyecto sobre la emancipaci\u00f3n del cuerpo femenino y la importancia que tiene reconocer nuestro cuerpo como propio y no parte de alguien o algo m\u00e1s.<br>Nosotras somos nuestras antes que de nadie m\u00e1s, antes que el estado, antes que el dinero, antes que la iglesia, antes que los padres o una pareja.<br>A las mujeres se nos ense\u00f1a a proteger nuestro cuerpo del mundo, pero al mismo tiempo a temerle y desconocerlo, cualquier acercamiento a nosotras mismas es mal visto, un pecado o algo que no har\u00eda una mujer de bien.<br>En esta contradicci\u00f3n \u00bfC\u00f3mo podemos cuidar algo que no conocemos, que no entendemos? Y si desconocemos quienes somos \u00bfC\u00f3mo podr\u00edamos entender o reconocer cu\u00e1ndo estamos en una situaci\u00f3n que puede poner en peligro nuestro cuerpo o nuestra vida?<br>Cuando una mujer se encuentra en un ciclo de abuso crea una dependencia a la persona que la violenta porque no podemos reconocernos como aut\u00f3nomas, ya sea por el abuso o por la amenaza, pero tambi\u00e9n<br>porque nunca se nos ense\u00f1\u00f3 a reconocernos como seres individuales, no reconocemos nuestro templo como propio y una manera de empezar a identificar estos ciclos de violencia es reconociendo nuestra autonom\u00eda<\/p>\n\n\n\n<p><br><\/p>\n\n\n\n<figure class=\"wp-block-gallery has-nested-images columns-default is-cropped wp-block-gallery-1 is-layout-flex wp-block-gallery-is-layout-flex\">\n<figure class=\"wp-block-image size-large\"><a href=\"https:\/\/elizatrejo.com\/wp-content\/uploads\/2023\/04\/2.s-scaled.jpg\"><img loading=\"lazy\" decoding=\"async\" width=\"1024\" height=\"1024\" data-id=\"525\" src=\"https:\/\/elizatrejo.com\/wp-content\/uploads\/2023\/04\/2.s-1024x1024.jpg\" alt=\"\" class=\"wp-image-525\" srcset=\"https:\/\/elizatrejo.com\/wp-content\/uploads\/2023\/04\/2.s-1024x1024.jpg 1024w, https:\/\/elizatrejo.com\/wp-content\/uploads\/2023\/04\/2.s-300x300.jpg 300w, https:\/\/elizatrejo.com\/wp-content\/uploads\/2023\/04\/2.s-150x150.jpg 150w, https:\/\/elizatrejo.com\/wp-content\/uploads\/2023\/04\/2.s-768x768.jpg 768w, https:\/\/elizatrejo.com\/wp-content\/uploads\/2023\/04\/2.s-1536x1536.jpg 1536w, https:\/\/elizatrejo.com\/wp-content\/uploads\/2023\/04\/2.s-2048x2048.jpg 2048w, https:\/\/elizatrejo.com\/wp-content\/uploads\/2023\/04\/2.s-100x100.jpg 100w\" sizes=\"auto, (max-width: 1024px) 100vw, 1024px\" \/><\/a><\/figure>\n\n\n\n<figure class=\"wp-block-image size-large\"><a href=\"https:\/\/elizatrejo.com\/wp-content\/uploads\/2023\/04\/11.s-scaled.jpg\"><img loading=\"lazy\" decoding=\"async\" width=\"1024\" height=\"1024\" data-id=\"527\" src=\"https:\/\/elizatrejo.com\/wp-content\/uploads\/2023\/04\/11.s-1024x1024.jpg\" alt=\"\" class=\"wp-image-527\" srcset=\"https:\/\/elizatrejo.com\/wp-content\/uploads\/2023\/04\/11.s-1024x1024.jpg 1024w, https:\/\/elizatrejo.com\/wp-content\/uploads\/2023\/04\/11.s-300x300.jpg 300w, https:\/\/elizatrejo.com\/wp-content\/uploads\/2023\/04\/11.s-150x150.jpg 150w, https:\/\/elizatrejo.com\/wp-content\/uploads\/2023\/04\/11.s-768x768.jpg 768w, https:\/\/elizatrejo.com\/wp-content\/uploads\/2023\/04\/11.s-1536x1536.jpg 1536w, https:\/\/elizatrejo.com\/wp-content\/uploads\/2023\/04\/11.s-2048x2048.jpg 2048w, https:\/\/elizatrejo.com\/wp-content\/uploads\/2023\/04\/11.s-100x100.jpg 100w\" sizes=\"auto, (max-width: 1024px) 100vw, 1024px\" \/><\/a><\/figure>\n\n\n\n<figure class=\"wp-block-image size-large\"><a href=\"https:\/\/elizatrejo.com\/wp-content\/uploads\/2023\/04\/3.s-scaled.jpg\"><img loading=\"lazy\" decoding=\"async\" width=\"1024\" height=\"1024\" data-id=\"526\" src=\"https:\/\/elizatrejo.com\/wp-content\/uploads\/2023\/04\/3.s-1024x1024.jpg\" alt=\"\" class=\"wp-image-526\" srcset=\"https:\/\/elizatrejo.com\/wp-content\/uploads\/2023\/04\/3.s-1024x1024.jpg 1024w, https:\/\/elizatrejo.com\/wp-content\/uploads\/2023\/04\/3.s-300x300.jpg 300w, https:\/\/elizatrejo.com\/wp-content\/uploads\/2023\/04\/3.s-150x150.jpg 150w, https:\/\/elizatrejo.com\/wp-content\/uploads\/2023\/04\/3.s-768x768.jpg 768w, https:\/\/elizatrejo.com\/wp-content\/uploads\/2023\/04\/3.s-1536x1536.jpg 1536w, https:\/\/elizatrejo.com\/wp-content\/uploads\/2023\/04\/3.s-2048x2048.jpg 2048w, https:\/\/elizatrejo.com\/wp-content\/uploads\/2023\/04\/3.s-100x100.jpg 100w\" sizes=\"auto, (max-width: 1024px) 100vw, 1024px\" \/><\/a><\/figure>\n\n\n\n<figure class=\"wp-block-image size-large\"><a href=\"https:\/\/elizatrejo.com\/wp-content\/uploads\/2023\/04\/Nelly.jpg\"><img loading=\"lazy\" decoding=\"async\" width=\"768\" height=\"925\" data-id=\"667\" src=\"https:\/\/elizatrejo.com\/wp-content\/uploads\/2023\/04\/Nelly.jpg\" alt=\"\" class=\"wp-image-667\" srcset=\"https:\/\/elizatrejo.com\/wp-content\/uploads\/2023\/04\/Nelly.jpg 768w, https:\/\/elizatrejo.com\/wp-content\/uploads\/2023\/04\/Nelly-249x300.jpg 249w\" sizes=\"auto, (max-width: 768px) 100vw, 768px\" \/><\/a><\/figure>\n\n\n\n<figure class=\"wp-block-image size-large\"><a href=\"https:\/\/elizatrejo.com\/wp-content\/uploads\/2023\/04\/mama.jpg\"><img loading=\"lazy\" decoding=\"async\" width=\"656\" height=\"1024\" data-id=\"666\" src=\"https:\/\/elizatrejo.com\/wp-content\/uploads\/2023\/04\/mama-656x1024.jpg\" alt=\"\" class=\"wp-image-666\" srcset=\"https:\/\/elizatrejo.com\/wp-content\/uploads\/2023\/04\/mama-656x1024.jpg 656w, https:\/\/elizatrejo.com\/wp-content\/uploads\/2023\/04\/mama-192x300.jpg 192w, https:\/\/elizatrejo.com\/wp-content\/uploads\/2023\/04\/mama.jpg 743w\" sizes=\"auto, (max-width: 656px) 100vw, 656px\" \/><\/a><\/figure>\n\n\n\n<figure class=\"wp-block-image size-large\"><a href=\"https:\/\/elizatrejo.com\/wp-content\/uploads\/2023\/04\/Cristy-L.jpg\"><img loading=\"lazy\" decoding=\"async\" width=\"785\" height=\"1024\" data-id=\"665\" src=\"https:\/\/elizatrejo.com\/wp-content\/uploads\/2023\/04\/Cristy-L-785x1024.jpg\" alt=\"\" class=\"wp-image-665\" srcset=\"https:\/\/elizatrejo.com\/wp-content\/uploads\/2023\/04\/Cristy-L-785x1024.jpg 785w, https:\/\/elizatrejo.com\/wp-content\/uploads\/2023\/04\/Cristy-L-230x300.jpg 230w, https:\/\/elizatrejo.com\/wp-content\/uploads\/2023\/04\/Cristy-L-768x1002.jpg 768w, https:\/\/elizatrejo.com\/wp-content\/uploads\/2023\/04\/Cristy-L.jpg 841w\" sizes=\"auto, (max-width: 785px) 100vw, 785px\" \/><\/a><\/figure>\n<\/figure>\n\n\n\n<div class=\"wp-block-flipbox-block-flipbox flip-box-block\" style=\"height:500px\"><div class=\"flip-box-block-innner\">\n<div class=\"wp-block-flipbox-block-flipbox-front flip-box-block-front\"><div class=\"flip-box-block-front-inner is-layout-flow wp-block-flipbox-front-is-layout-flow\">\n<p><\/p>\n\n\n\n<figure class=\"wp-block-image size-large\"><img loading=\"lazy\" decoding=\"async\" width=\"1024\" height=\"1024\" src=\"https:\/\/elizatrejo.com\/wp-content\/uploads\/2023\/04\/12-1024x1024.png\" alt=\"\" class=\"wp-image-663\" srcset=\"https:\/\/elizatrejo.com\/wp-content\/uploads\/2023\/04\/12-1024x1024.png 1024w, https:\/\/elizatrejo.com\/wp-content\/uploads\/2023\/04\/12-300x300.png 300w, https:\/\/elizatrejo.com\/wp-content\/uploads\/2023\/04\/12-150x150.png 150w, https:\/\/elizatrejo.com\/wp-content\/uploads\/2023\/04\/12-768x768.png 768w, https:\/\/elizatrejo.com\/wp-content\/uploads\/2023\/04\/12-100x100.png 100w, https:\/\/elizatrejo.com\/wp-content\/uploads\/2023\/04\/12.png 1080w\" sizes=\"auto, (max-width: 1024px) 100vw, 1024px\" \/><\/figure>\n<\/div><\/div>\n\n\n\n<div class=\"wp-block-flipbox-block-flipbox-back flip-box-block-back\"><div class=\"flip-box-block-back-inner is-layout-flow wp-block-flipbox-back-is-layout-flow\">\n<figure class=\"wp-block-image size-large\"><img loading=\"lazy\" decoding=\"async\" width=\"1024\" height=\"1024\" src=\"https:\/\/elizatrejo.com\/wp-content\/uploads\/2023\/04\/11-1024x1024.png\" alt=\"\" class=\"wp-image-664\" srcset=\"https:\/\/elizatrejo.com\/wp-content\/uploads\/2023\/04\/11-1024x1024.png 1024w, https:\/\/elizatrejo.com\/wp-content\/uploads\/2023\/04\/11-300x300.png 300w, https:\/\/elizatrejo.com\/wp-content\/uploads\/2023\/04\/11-150x150.png 150w, https:\/\/elizatrejo.com\/wp-content\/uploads\/2023\/04\/11-768x768.png 768w, https:\/\/elizatrejo.com\/wp-content\/uploads\/2023\/04\/11-100x100.png 100w, https:\/\/elizatrejo.com\/wp-content\/uploads\/2023\/04\/11.png 1080w\" sizes=\"auto, (max-width: 1024px) 100vw, 1024px\" \/><\/figure>\n<\/div><\/div>\n<\/div><\/div>\n","protected":false},"excerpt":{"rendered":"<p>Mea Vulva Es un proyecto sobre la emancipaci\u00f3n del cuerpo femenino y la importancia que tiene reconocer nuestro cuerpo como propio y no parte de alguien o algo m\u00e1s.Nosotras somos nuestras antes que de nadie<span class=\"more-button\"><a href=\"https:\/\/elizatrejo.com\/index.php\/estefania-garza\/\" class=\"more-link\">Continue reading<span class=\"screen-reader-text\">Estefania Garza<\/span><i class=\"fa fa-angle-right\" aria-hidden=\"true\"><\/i><\/a><\/span><\/p>\n","protected":false},"author":2,"featured_media":0,"parent":0,"menu_order":0,"comment_status":"closed","ping_status":"closed","template":"","meta":{"ngg_post_thumbnail":0,"footnotes":""},"class_list":["post-553","page","type-page","status-publish","hentry"],"_links":{"self":[{"href":"https:\/\/elizatrejo.com\/index.php\/wp-json\/wp\/v2\/pages\/553","targetHints":{"allow":["GET"]}}],"collection":[{"href":"https:\/\/elizatrejo.com\/index.php\/wp-json\/wp\/v2\/pages"}],"about":[{"href":"https:\/\/elizatrejo.com\/index.php\/wp-json\/wp\/v2\/types\/page"}],"author":[{"embeddable":true,"href":"https:\/\/elizatrejo.com\/index.php\/wp-json\/wp\/v2\/users\/2"}],"replies":[{"embeddable":true,"href":"https:\/\/elizatrejo.com\/index.php\/wp-json\/wp\/v2\/comments?post=553"}],"version-history":[{"count":3,"href":"https:\/\/elizatrejo.com\/index.php\/wp-json\/wp\/v2\/pages\/553\/revisions"}],"predecessor-version":[{"id":668,"href":"https:\/\/elizatrejo.com\/index.php\/wp-json\/wp\/v2\/pages\/553\/revisions\/668"}],"wp:attachment":[{"href":"https:\/\/elizatrejo.com\/index.php\/wp-json\/wp\/v2\/media?parent=553"}],"curies":[{"name":"wp","href":"https:\/\/api.w.org\/{rel}","templated":true}]}}