{"id":551,"date":"2023-04-20T14:57:06","date_gmt":"2023-04-20T14:57:06","guid":{"rendered":"https:\/\/elizatrejo.com\/?page_id=551"},"modified":"2023-04-20T20:02:16","modified_gmt":"2023-04-20T20:02:16","slug":"diana-urbina","status":"publish","type":"page","link":"https:\/\/elizatrejo.com\/index.php\/diana-urbina\/","title":{"rendered":"Diana Urbina"},"content":{"rendered":"\n<figure class=\"wp-block-image size-large is-resized\"><img loading=\"lazy\" decoding=\"async\" src=\"https:\/\/elizatrejo.com\/wp-content\/uploads\/2023\/04\/titulo_negro-1024x512.png\" alt=\"\" class=\"wp-image-657\" width=\"100\" height=\"50\" srcset=\"https:\/\/elizatrejo.com\/wp-content\/uploads\/2023\/04\/titulo_negro-1024x512.png 1024w, https:\/\/elizatrejo.com\/wp-content\/uploads\/2023\/04\/titulo_negro-300x150.png 300w, https:\/\/elizatrejo.com\/wp-content\/uploads\/2023\/04\/titulo_negro-768x384.png 768w, https:\/\/elizatrejo.com\/wp-content\/uploads\/2023\/04\/titulo_negro.png 1080w\" sizes=\"auto, (max-width: 100px) 100vw, 100px\" \/><\/figure>\n\n\n\n<p><strong>Nomeolvides<\/strong><\/p>\n\n\n\n<p>En el sur del Estado de Nuevo Le\u00f3n, a dos mil metros de las carreteras m\u00e1s grandes del pa\u00eds, por donde transita el progreso a m\u00e1s de cien kil\u00f3metros por hora, no s\u00f3lo un pueblo se resiste a desaparecer;\u00a0 tambi\u00e9n una tradici\u00f3n llena de independencia, con mucho arraigo a la imagen construida de tierra y fertilidad.<\/p>\n\n\n\n<p>Amparo recorriendo el jard\u00edn de su casa para juntar su ramo, pareciera recolectar sus recuerdos y al mismo tiempo el deseo de permanencia en la memoria de sus hijos, nietos, bisnietos y lo que le sigue con sus noventa y ocho a\u00f1os. Aunque mucha descendencia se vaya buscando latitudes menos terregosas, el ramo sigue all\u00ed cada a\u00f1o con su festejo de vida, tan presente como las palmas, yucas y biznagas del monte que no dejan de florecer,\u00a0 tan viva con sus pirules y sus nopaleras que delimitan los solares de su alrededor.<\/p>\n\n\n\n<figure class=\"wp-block-gallery has-nested-images columns-default is-cropped wp-block-gallery-1 is-layout-flex wp-block-gallery-is-layout-flex\">\n<figure class=\"wp-block-image size-large\"><img loading=\"lazy\" decoding=\"async\" width=\"1024\" height=\"683\" data-id=\"528\" src=\"https:\/\/elizatrejo.com\/wp-content\/uploads\/2023\/04\/1_-28x36-1-1024x683.jpg\" alt=\"\" class=\"wp-image-528\" srcset=\"https:\/\/elizatrejo.com\/wp-content\/uploads\/2023\/04\/1_-28x36-1-1024x683.jpg 1024w, https:\/\/elizatrejo.com\/wp-content\/uploads\/2023\/04\/1_-28x36-1-300x200.jpg 300w, https:\/\/elizatrejo.com\/wp-content\/uploads\/2023\/04\/1_-28x36-1-768x512.jpg 768w, https:\/\/elizatrejo.com\/wp-content\/uploads\/2023\/04\/1_-28x36-1-1536x1024.jpg 1536w, https:\/\/elizatrejo.com\/wp-content\/uploads\/2023\/04\/1_-28x36-1-2048x1365.jpg 2048w\" sizes=\"auto, (max-width: 1024px) 100vw, 1024px\" \/><\/figure>\n\n\n\n<figure class=\"wp-block-image size-large\"><img loading=\"lazy\" decoding=\"async\" width=\"1024\" height=\"683\" data-id=\"529\" src=\"https:\/\/elizatrejo.com\/wp-content\/uploads\/2023\/04\/2_8x10-1024x683.jpg\" alt=\"\" class=\"wp-image-529\" srcset=\"https:\/\/elizatrejo.com\/wp-content\/uploads\/2023\/04\/2_8x10-1024x683.jpg 1024w, https:\/\/elizatrejo.com\/wp-content\/uploads\/2023\/04\/2_8x10-300x200.jpg 300w, https:\/\/elizatrejo.com\/wp-content\/uploads\/2023\/04\/2_8x10-768x512.jpg 768w, https:\/\/elizatrejo.com\/wp-content\/uploads\/2023\/04\/2_8x10-1536x1024.jpg 1536w, https:\/\/elizatrejo.com\/wp-content\/uploads\/2023\/04\/2_8x10-2048x1365.jpg 2048w\" sizes=\"auto, (max-width: 1024px) 100vw, 1024px\" \/><\/figure>\n\n\n\n<figure class=\"wp-block-image size-large\"><img loading=\"lazy\" decoding=\"async\" width=\"1024\" height=\"683\" data-id=\"531\" src=\"https:\/\/elizatrejo.com\/wp-content\/uploads\/2023\/04\/4_18x13-1024x683.jpg\" alt=\"\" class=\"wp-image-531\" srcset=\"https:\/\/elizatrejo.com\/wp-content\/uploads\/2023\/04\/4_18x13-1024x683.jpg 1024w, https:\/\/elizatrejo.com\/wp-content\/uploads\/2023\/04\/4_18x13-300x200.jpg 300w, https:\/\/elizatrejo.com\/wp-content\/uploads\/2023\/04\/4_18x13-768x512.jpg 768w, https:\/\/elizatrejo.com\/wp-content\/uploads\/2023\/04\/4_18x13-1536x1024.jpg 1536w, https:\/\/elizatrejo.com\/wp-content\/uploads\/2023\/04\/4_18x13-2048x1365.jpg 2048w\" sizes=\"auto, (max-width: 1024px) 100vw, 1024px\" \/><\/figure>\n\n\n\n<figure class=\"wp-block-image size-large\"><img loading=\"lazy\" decoding=\"async\" width=\"1024\" height=\"683\" data-id=\"530\" src=\"https:\/\/elizatrejo.com\/wp-content\/uploads\/2023\/04\/3_18x13-1024x683.jpg\" alt=\"\" class=\"wp-image-530\" srcset=\"https:\/\/elizatrejo.com\/wp-content\/uploads\/2023\/04\/3_18x13-1024x683.jpg 1024w, https:\/\/elizatrejo.com\/wp-content\/uploads\/2023\/04\/3_18x13-300x200.jpg 300w, https:\/\/elizatrejo.com\/wp-content\/uploads\/2023\/04\/3_18x13-768x512.jpg 768w, https:\/\/elizatrejo.com\/wp-content\/uploads\/2023\/04\/3_18x13-1536x1024.jpg 1536w, https:\/\/elizatrejo.com\/wp-content\/uploads\/2023\/04\/3_18x13-2048x1365.jpg 2048w\" sizes=\"auto, (max-width: 1024px) 100vw, 1024px\" \/><\/figure>\n\n\n\n<figure class=\"wp-block-image size-large\"><img loading=\"lazy\" decoding=\"async\" width=\"1024\" height=\"683\" data-id=\"532\" src=\"https:\/\/elizatrejo.com\/wp-content\/uploads\/2023\/04\/5_20x15-1024x683.jpg\" alt=\"\" class=\"wp-image-532\" srcset=\"https:\/\/elizatrejo.com\/wp-content\/uploads\/2023\/04\/5_20x15-1024x683.jpg 1024w, https:\/\/elizatrejo.com\/wp-content\/uploads\/2023\/04\/5_20x15-300x200.jpg 300w, https:\/\/elizatrejo.com\/wp-content\/uploads\/2023\/04\/5_20x15-768x512.jpg 768w, https:\/\/elizatrejo.com\/wp-content\/uploads\/2023\/04\/5_20x15-1536x1024.jpg 1536w, https:\/\/elizatrejo.com\/wp-content\/uploads\/2023\/04\/5_20x15-2048x1365.jpg 2048w\" sizes=\"auto, (max-width: 1024px) 100vw, 1024px\" \/><\/figure>\n\n\n\n<figure class=\"wp-block-image size-large\"><img loading=\"lazy\" decoding=\"async\" width=\"1024\" height=\"683\" data-id=\"533\" src=\"https:\/\/elizatrejo.com\/wp-content\/uploads\/2023\/04\/6_25x20-1024x683.jpg\" alt=\"\" class=\"wp-image-533\" srcset=\"https:\/\/elizatrejo.com\/wp-content\/uploads\/2023\/04\/6_25x20-1024x683.jpg 1024w, https:\/\/elizatrejo.com\/wp-content\/uploads\/2023\/04\/6_25x20-300x200.jpg 300w, https:\/\/elizatrejo.com\/wp-content\/uploads\/2023\/04\/6_25x20-768x512.jpg 768w, https:\/\/elizatrejo.com\/wp-content\/uploads\/2023\/04\/6_25x20-1536x1024.jpg 1536w, https:\/\/elizatrejo.com\/wp-content\/uploads\/2023\/04\/6_25x20-2048x1365.jpg 2048w\" sizes=\"auto, (max-width: 1024px) 100vw, 1024px\" \/><\/figure>\n\n\n\n<figure class=\"wp-block-image size-large\"><img loading=\"lazy\" decoding=\"async\" width=\"1024\" height=\"683\" data-id=\"534\" src=\"https:\/\/elizatrejo.com\/wp-content\/uploads\/2023\/04\/7_13x10.5-1024x683.jpg\" alt=\"\" class=\"wp-image-534\" srcset=\"https:\/\/elizatrejo.com\/wp-content\/uploads\/2023\/04\/7_13x10.5-1024x683.jpg 1024w, https:\/\/elizatrejo.com\/wp-content\/uploads\/2023\/04\/7_13x10.5-300x200.jpg 300w, https:\/\/elizatrejo.com\/wp-content\/uploads\/2023\/04\/7_13x10.5-768x512.jpg 768w, https:\/\/elizatrejo.com\/wp-content\/uploads\/2023\/04\/7_13x10.5-1536x1024.jpg 1536w, https:\/\/elizatrejo.com\/wp-content\/uploads\/2023\/04\/7_13x10.5-2048x1365.jpg 2048w\" sizes=\"auto, (max-width: 1024px) 100vw, 1024px\" \/><\/figure>\n<\/figure>\n\n\n\n<div class=\"wp-block-flipbox-block-flipbox flip-box-block\" style=\"height:500px\"><div class=\"flip-box-block-innner\">\n<div class=\"wp-block-flipbox-block-flipbox-front flip-box-block-front\"><div class=\"flip-box-block-front-inner is-layout-flow wp-block-flipbox-front-is-layout-flow\">\n<figure class=\"wp-block-image size-large\"><img loading=\"lazy\" decoding=\"async\" width=\"1024\" height=\"1024\" src=\"https:\/\/elizatrejo.com\/wp-content\/uploads\/2023\/04\/10-1024x1024.png\" alt=\"\" class=\"wp-image-695\" srcset=\"https:\/\/elizatrejo.com\/wp-content\/uploads\/2023\/04\/10-1024x1024.png 1024w, https:\/\/elizatrejo.com\/wp-content\/uploads\/2023\/04\/10-300x300.png 300w, https:\/\/elizatrejo.com\/wp-content\/uploads\/2023\/04\/10-150x150.png 150w, https:\/\/elizatrejo.com\/wp-content\/uploads\/2023\/04\/10-768x768.png 768w, https:\/\/elizatrejo.com\/wp-content\/uploads\/2023\/04\/10-100x100.png 100w, https:\/\/elizatrejo.com\/wp-content\/uploads\/2023\/04\/10.png 1080w\" sizes=\"auto, (max-width: 1024px) 100vw, 1024px\" \/><\/figure>\n<\/div><\/div>\n\n\n\n<div class=\"wp-block-flipbox-block-flipbox-back flip-box-block-back\"><div class=\"flip-box-block-back-inner is-layout-flow wp-block-flipbox-back-is-layout-flow\">\n<figure class=\"wp-block-image size-large\"><img loading=\"lazy\" decoding=\"async\" width=\"1024\" height=\"1024\" src=\"https:\/\/elizatrejo.com\/wp-content\/uploads\/2023\/04\/9-1024x1024.png\" alt=\"\" class=\"wp-image-694\" srcset=\"https:\/\/elizatrejo.com\/wp-content\/uploads\/2023\/04\/9-1024x1024.png 1024w, https:\/\/elizatrejo.com\/wp-content\/uploads\/2023\/04\/9-300x300.png 300w, https:\/\/elizatrejo.com\/wp-content\/uploads\/2023\/04\/9-150x150.png 150w, https:\/\/elizatrejo.com\/wp-content\/uploads\/2023\/04\/9-768x768.png 768w, https:\/\/elizatrejo.com\/wp-content\/uploads\/2023\/04\/9-100x100.png 100w, https:\/\/elizatrejo.com\/wp-content\/uploads\/2023\/04\/9.png 1080w\" sizes=\"auto, (max-width: 1024px) 100vw, 1024px\" \/><\/figure>\n<\/div><\/div>\n<\/div><\/div>\n","protected":false},"excerpt":{"rendered":"<p>Nomeolvides En el sur del Estado de Nuevo Le\u00f3n, a dos mil metros de las carreteras m\u00e1s grandes del pa\u00eds, por donde transita el progreso a m\u00e1s de cien kil\u00f3metros por hora, no s\u00f3lo un<span class=\"more-button\"><a href=\"https:\/\/elizatrejo.com\/index.php\/diana-urbina\/\" class=\"more-link\">Continue reading<span class=\"screen-reader-text\">Diana Urbina<\/span><i class=\"fa fa-angle-right\" aria-hidden=\"true\"><\/i><\/a><\/span><\/p>\n","protected":false},"author":2,"featured_media":0,"parent":0,"menu_order":0,"comment_status":"closed","ping_status":"closed","template":"","meta":{"ngg_post_thumbnail":0,"footnotes":""},"class_list":["post-551","page","type-page","status-publish","hentry"],"_links":{"self":[{"href":"https:\/\/elizatrejo.com\/index.php\/wp-json\/wp\/v2\/pages\/551","targetHints":{"allow":["GET"]}}],"collection":[{"href":"https:\/\/elizatrejo.com\/index.php\/wp-json\/wp\/v2\/pages"}],"about":[{"href":"https:\/\/elizatrejo.com\/index.php\/wp-json\/wp\/v2\/types\/page"}],"author":[{"embeddable":true,"href":"https:\/\/elizatrejo.com\/index.php\/wp-json\/wp\/v2\/users\/2"}],"replies":[{"embeddable":true,"href":"https:\/\/elizatrejo.com\/index.php\/wp-json\/wp\/v2\/comments?post=551"}],"version-history":[{"count":2,"href":"https:\/\/elizatrejo.com\/index.php\/wp-json\/wp\/v2\/pages\/551\/revisions"}],"predecessor-version":[{"id":696,"href":"https:\/\/elizatrejo.com\/index.php\/wp-json\/wp\/v2\/pages\/551\/revisions\/696"}],"wp:attachment":[{"href":"https:\/\/elizatrejo.com\/index.php\/wp-json\/wp\/v2\/media?parent=551"}],"curies":[{"name":"wp","href":"https:\/\/api.w.org\/{rel}","templated":true}]}}