{"id":549,"date":"2023-04-20T14:56:44","date_gmt":"2023-04-20T14:56:44","guid":{"rendered":"https:\/\/elizatrejo.com\/?page_id=549"},"modified":"2025-05-07T00:36:09","modified_gmt":"2025-05-07T00:36:09","slug":"camille-kordic-luna","status":"publish","type":"page","link":"https:\/\/elizatrejo.com\/index.php\/camille-kordic-luna\/","title":{"rendered":"Camille Kordic-Luna"},"content":{"rendered":"\n<p>Dec\u00eda Sherry Ortner (1972) que las mujeres son a los hombres, lo que la naturaleza es a la cultura: inferiores en cuanto a que pueden ser domesticadas y explotadas con el fin de dominarlas.<\/p>\n\n\n\n<p>M\u00e1s all\u00e1 de la mirada tradicionalista que relaciona a las mujeres con la naturaleza, existe una realidad social en la que ambas comparten violencias.<\/p>\n\n\n\n<p>La naturaleza aporta los recursos primarios bajo los cuales es posible experimentar la vida. En paralelo, las mujeres gestan, cuidan y alimentan los recursos humanos y sociales bajo los cuales es posible mantenerla.<\/p>\n\n\n\n<p>Desde el momento de llamarles recursos, las mujeres y la naturaleza se colocan al servicio del sistema capitalista-patriarcal que se encarga de explotar y oprimir todas las posibilidades de subsistencia.<\/p>\n\n\n\n<p>En este sentido se vuelve urgente una reflexi\u00f3n desde donde podamos resignificar, po\u00e9tica y pol\u00edticamente, la manera de ser y habitar.<\/p>\n\n\n\n<figure class=\"wp-block-gallery has-nested-images columns-1 is-cropped wp-block-gallery-1 is-layout-flex wp-block-gallery-is-layout-flex\">\n<figure class=\"wp-block-image size-large\"><img loading=\"lazy\" decoding=\"async\" width=\"1024\" height=\"819\" data-id=\"596\" src=\"https:\/\/elizatrejo.com\/wp-content\/uploads\/2023\/04\/Camifamosa-2-1024x819.jpg\" alt=\"\" class=\"wp-image-596\" srcset=\"https:\/\/elizatrejo.com\/wp-content\/uploads\/2023\/04\/Camifamosa-2-1024x819.jpg 1024w, https:\/\/elizatrejo.com\/wp-content\/uploads\/2023\/04\/Camifamosa-2-300x240.jpg 300w, https:\/\/elizatrejo.com\/wp-content\/uploads\/2023\/04\/Camifamosa-2-768x614.jpg 768w, https:\/\/elizatrejo.com\/wp-content\/uploads\/2023\/04\/Camifamosa-2-1536x1229.jpg 1536w, https:\/\/elizatrejo.com\/wp-content\/uploads\/2023\/04\/Camifamosa-2-2048x1638.jpg 2048w\" sizes=\"auto, (max-width: 1024px) 100vw, 1024px\" \/><\/figure>\n\n\n\n<figure class=\"wp-block-image size-large\"><img loading=\"lazy\" decoding=\"async\" width=\"1024\" height=\"819\" data-id=\"598\" src=\"https:\/\/elizatrejo.com\/wp-content\/uploads\/2023\/04\/Camifamosa-3-1024x819.jpg\" alt=\"\" class=\"wp-image-598\" srcset=\"https:\/\/elizatrejo.com\/wp-content\/uploads\/2023\/04\/Camifamosa-3-1024x819.jpg 1024w, https:\/\/elizatrejo.com\/wp-content\/uploads\/2023\/04\/Camifamosa-3-300x240.jpg 300w, https:\/\/elizatrejo.com\/wp-content\/uploads\/2023\/04\/Camifamosa-3-768x614.jpg 768w, https:\/\/elizatrejo.com\/wp-content\/uploads\/2023\/04\/Camifamosa-3-1536x1229.jpg 1536w, https:\/\/elizatrejo.com\/wp-content\/uploads\/2023\/04\/Camifamosa-3-2048x1638.jpg 2048w\" sizes=\"auto, (max-width: 1024px) 100vw, 1024px\" \/><\/figure>\n<\/figure>\n\n\n\n<div class=\"wp-block-flipbox-block-flipbox flip-box-block\" style=\"height:500px\"><div class=\"flip-box-block-innner\">\n<div class=\"wp-block-flipbox-block-flipbox-front flip-box-block-front\"><div class=\"flip-box-block-front-inner is-layout-flow wp-block-flipbox-front-is-layout-flow\"><div class=\"wp-block-image\">\n<figure class=\"aligncenter size-large is-resized\"><img loading=\"lazy\" decoding=\"async\" width=\"1024\" height=\"1024\" src=\"https:\/\/elizatrejo.com\/wp-content\/uploads\/2023\/04\/2-1024x1024.png\" alt=\"\" class=\"wp-image-601\" style=\"width:500px\" srcset=\"https:\/\/elizatrejo.com\/wp-content\/uploads\/2023\/04\/2-1024x1024.png 1024w, https:\/\/elizatrejo.com\/wp-content\/uploads\/2023\/04\/2-300x300.png 300w, https:\/\/elizatrejo.com\/wp-content\/uploads\/2023\/04\/2-150x150.png 150w, https:\/\/elizatrejo.com\/wp-content\/uploads\/2023\/04\/2-768x768.png 768w, https:\/\/elizatrejo.com\/wp-content\/uploads\/2023\/04\/2-100x100.png 100w, https:\/\/elizatrejo.com\/wp-content\/uploads\/2023\/04\/2.png 1080w\" sizes=\"auto, (max-width: 1024px) 100vw, 1024px\" \/><\/figure><\/div><\/div><\/div>\n\n\n\n<div class=\"wp-block-flipbox-block-flipbox-back flip-box-block-back\"><div class=\"flip-box-block-back-inner is-layout-flow wp-block-flipbox-back-is-layout-flow\"><div class=\"wp-block-image\">\n<figure class=\"aligncenter size-large is-resized\"><img loading=\"lazy\" decoding=\"async\" width=\"1024\" height=\"1024\" src=\"https:\/\/elizatrejo.com\/wp-content\/uploads\/2023\/04\/1-1024x1024.png\" alt=\"\" class=\"wp-image-602\" style=\"width:500px\" srcset=\"https:\/\/elizatrejo.com\/wp-content\/uploads\/2023\/04\/1-1024x1024.png 1024w, https:\/\/elizatrejo.com\/wp-content\/uploads\/2023\/04\/1-300x300.png 300w, https:\/\/elizatrejo.com\/wp-content\/uploads\/2023\/04\/1-150x150.png 150w, https:\/\/elizatrejo.com\/wp-content\/uploads\/2023\/04\/1-768x768.png 768w, https:\/\/elizatrejo.com\/wp-content\/uploads\/2023\/04\/1-100x100.png 100w, https:\/\/elizatrejo.com\/wp-content\/uploads\/2023\/04\/1.png 1080w\" sizes=\"auto, (max-width: 1024px) 100vw, 1024px\" \/><\/figure><\/div><\/div><\/div>\n<\/div><\/div>\n\n\n\n<p><\/p>\n","protected":false},"excerpt":{"rendered":"<p>Dec\u00eda Sherry Ortner (1972) que las mujeres son a los hombres, lo que la naturaleza es a la cultura: inferiores en cuanto a que pueden ser domesticadas y explotadas con el fin de dominarlas. M\u00e1s<span class=\"more-button\"><a href=\"https:\/\/elizatrejo.com\/index.php\/camille-kordic-luna\/\" class=\"more-link\">Continue reading<span class=\"screen-reader-text\">Camille Kordic-Luna<\/span><i class=\"fa fa-angle-right\" aria-hidden=\"true\"><\/i><\/a><\/span><\/p>\n","protected":false},"author":2,"featured_media":0,"parent":0,"menu_order":0,"comment_status":"closed","ping_status":"closed","template":"","meta":{"ngg_post_thumbnail":0,"footnotes":""},"class_list":["post-549","page","type-page","status-publish","hentry"],"_links":{"self":[{"href":"https:\/\/elizatrejo.com\/index.php\/wp-json\/wp\/v2\/pages\/549","targetHints":{"allow":["GET"]}}],"collection":[{"href":"https:\/\/elizatrejo.com\/index.php\/wp-json\/wp\/v2\/pages"}],"about":[{"href":"https:\/\/elizatrejo.com\/index.php\/wp-json\/wp\/v2\/types\/page"}],"author":[{"embeddable":true,"href":"https:\/\/elizatrejo.com\/index.php\/wp-json\/wp\/v2\/users\/2"}],"replies":[{"embeddable":true,"href":"https:\/\/elizatrejo.com\/index.php\/wp-json\/wp\/v2\/comments?post=549"}],"version-history":[{"count":6,"href":"https:\/\/elizatrejo.com\/index.php\/wp-json\/wp\/v2\/pages\/549\/revisions"}],"predecessor-version":[{"id":1984,"href":"https:\/\/elizatrejo.com\/index.php\/wp-json\/wp\/v2\/pages\/549\/revisions\/1984"}],"wp:attachment":[{"href":"https:\/\/elizatrejo.com\/index.php\/wp-json\/wp\/v2\/media?parent=549"}],"curies":[{"name":"wp","href":"https:\/\/api.w.org\/{rel}","templated":true}]}}