{"id":293,"date":"2023-03-14T03:27:07","date_gmt":"2023-03-14T03:27:07","guid":{"rendered":"https:\/\/elizatrejo.com\/?page_id=293"},"modified":"2025-11-29T06:51:08","modified_gmt":"2025-11-29T06:51:08","slug":"la-granja-sanitaria","status":"publish","type":"page","link":"https:\/\/elizatrejo.com\/index.php\/la-granja-sanitaria\/","title":{"rendered":"La Granja Sanitaria"},"content":{"rendered":"\n<p>El texto que Ruth Rodr\u00edguez escribi\u00f3 para  esta muestra sobre su barrio<\/p>\n\n\n\n<p><\/p>\n\n\n\n<p><strong>El barrio en las entra\u00f1as o las entra\u00f1as en el barrio.<\/strong><\/p>\n\n\n\n<p>Al observar el proyecto de Eliza Trejo sobre el barrio La Granja Sanitaria, lo primero que me trastoca de manera profunda, es la fotograf\u00eda en blanco y negro de esa calle con ese caudal de agua bajo ese cielo inmenso; fueron muchas ocasiones similares que nos marcaron a todos los habitantes. Cada vez que llov\u00eda, qued\u00e1bamos atrapados de un lado o del otro y deb\u00edamos cruzar tomados de la mano o mediante un peque\u00f1o puente peatonal, desde ah\u00ed podemos pronunciar una solidaridad y cuidado entre todos.<\/p>\n\n\n\n<p>Y precisamente un caudal as\u00ed, es La Granja Sanitaria, al igual que Trejo, nac\u00ed ah\u00ed y mis padres tambi\u00e9n fueron migrantes, de San Luis Potos\u00ed y de Coahuila. No conozco la historia certera de la creaci\u00f3n del barrio, s\u00e9 que hubo una lucha por las tierras, pero todo se vio inmiscuido en una lucha sindical y pol\u00edtica, que dej\u00f3, lamentablemente, varios muertos. Mis padres casi nunca platicaban de eso, creo que les avergonzaba un poco. Muchos dicen que la colonia se fund\u00f3 encima de un tiradero de basura, de lo \u00fanico que estoy certera, es que mi padre, al igual que el de Trejo y como muchos otros, hicieron con sus propias manos, pieza por pieza, esas casas que fueron nuestros hogares por d\u00e9cadas y que a\u00fan permanecen; ese esfuerzo y orgullo es una de las conexiones m\u00e1s fuertes que tenemos.<\/p>\n\n\n\n<p>El trabajo fotogr\u00e1fico de Eliza Trejo es realmente nost\u00e1lgico en un vaiv\u00e9n de retratos, de contextos, de objetos, de personas y personajes. Como olvidar los buenos d\u00edas cuando las vecinas sacaban sus mecedoras a la banqueta para platicar, as\u00ed mismo, los adolescentes y adultos con sus bocinas los fines de semana para tocar su m\u00fasica favorita, los ni\u00f1os jugar a las canicas o al futbol en las calles sin pavimento, eso era La Granja Sanitaria, una convivencia que como todo barrio humilde no siempre era pac\u00edfica, a veces hab\u00eda ri\u00f1as entre las pandillas que defend\u00edan su territorio, pero tambi\u00e9n era muy lindo salir de la primaria o la secundaria con nuestro uniforme, corriendo hacia casa para comer con nuestra familia.<\/p>\n\n\n\n<p>Las fotograf\u00edas instant\u00e1neas que observamos en esta serie, reflejan el tiempo, el af\u00e1n inconcluso de transformaci\u00f3n del barrio por parte de gobierno al cambiarle el nombre a uno m\u00e1s lujoso: Valle de Santa Luc\u00eda, pero casi nadie de le llama as\u00ed, ni siquiera los taxistas cuando les pides llevarte hacia all\u00e1, para nosotros siempre ser\u00e1 La Granja Sanitaria.<\/p>\n\n\n\n<p>Estas im\u00e1genes tocar\u00e1n a todos los que crecieron en un barrio similar, pues nos hablan de una vida humilde, de una lucha diaria de nuestros padres, de una b\u00fasqueda a un porvenir constante. Y como bien ella marca, hay lugares y escenas emblem\u00e1ticas, como el cerro que se volv\u00eda una cascada y muchos aprovech\u00e1bamos para ir a jugar, la iglesia festiva cada domingo llena de puesteros de elotes y helados, el gimnasio con su alberca que la mayor\u00eda de las veces estaba vac\u00eda, la peque\u00f1a biblioteca detr\u00e1s de la \u00fanica secundaria que ten\u00edamos para estudiar, los puestos de comida o los peque\u00f1os restaurantes de tacos, los \u00e1rboles que se mantuvieron, los \u00e1rboles que se cortaron, en fin, el trabajo de Trejo rememora fuertemente como si a\u00fan estuvi\u00e9ramos all\u00ed, saludando a los vecinos.<\/p>\n\n\n\n<p>El acabado singular de sus fotograf\u00edas son de gran a\u00f1oranza, tal vez porque ahora estamos afuera del barrio, pero el barrio, ese barrio, La Granja Sanitaria, siempre estar\u00e1 dentro de nosotras.<\/p>\n\n\n\n<p>Ruth Rodr\u00edguez<br>Fot\u00f3grafa, docente y gestora cultural<\/p>\n\n\n\n<p><\/p>\n\n\n\n<p><\/p>\n\n\n\n<p>Colonia<strong><em> Granja Sanitaria<\/em><\/strong>, Monterrey N.L Mx.<\/p>\n\n\n\n<p class=\"has-small-font-size\">Camin\u00e9 sus calles cerca de 40 a\u00f1os, mi historia comenz\u00f3 ah\u00ed, con el idilio de mis padres. Lugares comunes que detonan recuerdos.&nbsp; Entre el bullicio del tr\u00e1fico, la gente transita a pie o en bicicleta sus calles angostas, aunque llevaderas, van sorteando a uno que otro perro.&nbsp;<\/p>\n\n\n\n<p class=\"has-small-font-size\">En esta colonia, antes zona ejidal, no sent\u00eda el tiempo, las peculiaridades de barrio popular e historias de violencia, anunciadas por el periodiquero, est\u00e1n arraigadas en mi memoria.<\/p>\n\n\n\n<p class=\"has-small-font-size\">Lugar del que no me sent\u00eda parte, pero al salir de \u00e9l, un v\u00ednculo despert\u00f3, y no hay verg\u00fcenza en decir mi origen de la <em>colonia del miedo<\/em>. Estas im\u00e1genes, de formato peque\u00f1o e instant\u00e1neo, reviven la timidez con la que viv\u00ed en La Granja. En un paseo un tanto tur\u00edstico muestro relatos que las acompa\u00f1an.<\/p>\n\n\n<div class=\"wp-block-image\">\n<figure class=\"aligncenter size-full is-resized\"><a href=\"https:\/\/elizatrejo.com\/index.php\/la-granja-instax\/\"><img loading=\"lazy\" decoding=\"async\" width=\"1000\" height=\"134\" src=\"https:\/\/elizatrejo.com\/wp-content\/uploads\/2023\/05\/index.jpg\" alt=\"\" class=\"wp-image-837\" style=\"width:672px;height:90px\" srcset=\"https:\/\/elizatrejo.com\/wp-content\/uploads\/2023\/05\/index.jpg 1000w, https:\/\/elizatrejo.com\/wp-content\/uploads\/2023\/05\/index-300x40.jpg 300w, https:\/\/elizatrejo.com\/wp-content\/uploads\/2023\/05\/index-768x103.jpg 768w\" sizes=\"auto, (max-width: 1000px) 100vw, 1000px\" \/><\/a><figcaption class=\"wp-element-caption\"><br>Da clic para ver m\u00e1s detalle, si estas en cel , ponlo horizontal<\/figcaption><\/figure><\/div>\n\n\n<div class=\"alignnormal\"><div id=\"metaslider-id-312\" style=\"width: 100%;\" class=\"ml-slider-3-107-0 metaslider metaslider-nivo metaslider-312 ml-slider has-dots-nav ms-theme-default\" role=\"region\" aria-label=\"La Granja Sanitaria\" data-height=\"400\" data-width=\"600\">\n    <div id=\"metaslider_container_312\">\n        <div class='slider-wrapper theme-default'><div class='ribbon'><\/div><div id='metaslider_312' class='nivoSlider'><img loading=\"lazy\" decoding=\"async\" src=\"https:\/\/elizatrejo.com\/wp-content\/uploads\/2023\/03\/DSC_5828-scaled-600x400.jpg\" height=\"400\" width=\"600\" title=\"Campo de la Granja, Cerro del Topo Chico atr\u00e1s\" alt=\"Campo de la Granja, Cerro del Topo Chico atr\u00e1s\" class=\"slider-312 slide-313 msDefaultImage\" \/><img loading=\"lazy\" decoding=\"async\" src=\"https:\/\/elizatrejo.com\/wp-content\/uploads\/2023\/03\/DSC_5821-1-scaled-600x400.jpg\" height=\"400\" width=\"600\" title=\"Alberca vacia\" alt=\"Campo de la Granja, Cerro del Topo Chico atr\u00e1s\" class=\"slider-312 slide-314 msDefaultImage\" \/><img loading=\"lazy\" decoding=\"async\" src=\"https:\/\/elizatrejo.com\/wp-content\/uploads\/2023\/03\/DSC_5819-scaled-600x400.jpg\" height=\"400\" width=\"600\" title=\"Arbol Cortado\" alt=\"\u00c1rbol Cortado\" class=\"slider-312 slide-315 msDefaultImage\" \/><img loading=\"lazy\" decoding=\"async\" src=\"https:\/\/elizatrejo.com\/wp-content\/uploads\/2023\/03\/DSC_5811-scaled-600x400.jpg\" height=\"400\" width=\"600\" title=\"DSC_5811\" alt=\"\" class=\"slider-312 slide-316 msDefaultImage\" \/><img loading=\"lazy\" decoding=\"async\" src=\"https:\/\/elizatrejo.com\/wp-content\/uploads\/2023\/03\/DSC_5807-scaled-600x400.jpg\" height=\"400\" width=\"600\" title=\"DSC_5807\" alt=\"\" class=\"slider-312 slide-317 msDefaultImage\" \/><\/div><\/div>\n        \n    <\/div>\n<\/div><\/div>\n\n\n\n<figure class=\"wp-block-embed is-type-video is-provider-youtube wp-block-embed-youtube wp-embed-aspect-16-9 wp-has-aspect-ratio\"><div class=\"wp-block-embed__wrapper\">\n<iframe loading=\"lazy\" title=\"La Granja Sanitaria | Recorrido CONARTE\" width=\"940\" height=\"529\" src=\"https:\/\/www.youtube.com\/embed\/uDSDr_i8hn4?feature=oembed\" frameborder=\"0\" allow=\"accelerometer; autoplay; clipboard-write; encrypted-media; gyroscope; picture-in-picture; web-share\" referrerpolicy=\"strict-origin-when-cross-origin\" allowfullscreen><\/iframe>\n<\/div><\/figure>\n\n\n\n<p><\/p>\n\n\n\n<p><br><\/p>\n\n\n\n<figure class=\"wp-block-embed is-type-video is-provider-youtube wp-block-embed-youtube wp-embed-aspect-4-3 wp-has-aspect-ratio\"><div class=\"wp-block-embed__wrapper\">\n<iframe loading=\"lazy\" title=\"Entrevista con la Se\u00f1ora Cipirana vecina de la Colonia Valle de Santa Luc\u00eda.\" width=\"940\" height=\"705\" src=\"https:\/\/www.youtube.com\/embed\/eGpzLjaDONY?feature=oembed\" frameborder=\"0\" allow=\"accelerometer; autoplay; clipboard-write; encrypted-media; gyroscope; picture-in-picture; web-share\" referrerpolicy=\"strict-origin-when-cross-origin\" allowfullscreen><\/iframe>\n<\/div><\/figure>\n\n\n\n<p class=\"has-medium-font-size\"><mark style=\"background-color:rgba(0, 0, 0, 0)\" class=\"has-inline-color has-golden-color\"><strong>Proyecto en progreso&#8230;<\/strong><\/mark><\/p>\n\n\n\nngg_shortcode_0_placeholder\n","protected":false},"excerpt":{"rendered":"<p>El texto que Ruth Rodr\u00edguez escribi\u00f3 para esta muestra sobre su barrio El barrio en las entra\u00f1as o las entra\u00f1as en el barrio. Al observar el proyecto de Eliza Trejo sobre el barrio La Granja<span class=\"more-button\"><a href=\"https:\/\/elizatrejo.com\/index.php\/la-granja-sanitaria\/\" class=\"more-link\">Continue reading<span class=\"screen-reader-text\">La Granja Sanitaria<\/span><i class=\"fa fa-angle-right\" aria-hidden=\"true\"><\/i><\/a><\/span><\/p>\n","protected":false},"author":1,"featured_media":0,"parent":0,"menu_order":0,"comment_status":"closed","ping_status":"closed","template":"","meta":{"ngg_post_thumbnail":0,"footnotes":""},"class_list":["post-293","page","type-page","status-publish","hentry"],"_links":{"self":[{"href":"https:\/\/elizatrejo.com\/index.php\/wp-json\/wp\/v2\/pages\/293","targetHints":{"allow":["GET"]}}],"collection":[{"href":"https:\/\/elizatrejo.com\/index.php\/wp-json\/wp\/v2\/pages"}],"about":[{"href":"https:\/\/elizatrejo.com\/index.php\/wp-json\/wp\/v2\/types\/page"}],"author":[{"embeddable":true,"href":"https:\/\/elizatrejo.com\/index.php\/wp-json\/wp\/v2\/users\/1"}],"replies":[{"embeddable":true,"href":"https:\/\/elizatrejo.com\/index.php\/wp-json\/wp\/v2\/comments?post=293"}],"version-history":[{"count":29,"href":"https:\/\/elizatrejo.com\/index.php\/wp-json\/wp\/v2\/pages\/293\/revisions"}],"predecessor-version":[{"id":2340,"href":"https:\/\/elizatrejo.com\/index.php\/wp-json\/wp\/v2\/pages\/293\/revisions\/2340"}],"wp:attachment":[{"href":"https:\/\/elizatrejo.com\/index.php\/wp-json\/wp\/v2\/media?parent=293"}],"curies":[{"name":"wp","href":"https:\/\/api.w.org\/{rel}","templated":true}]}}