{"id":24,"date":"2023-02-28T04:07:15","date_gmt":"2023-02-28T04:07:15","guid":{"rendered":"https:\/\/elizatrejo.com\/?page_id=24"},"modified":"2025-11-29T01:17:30","modified_gmt":"2025-11-29T01:17:30","slug":"proyectos","status":"publish","type":"page","link":"https:\/\/elizatrejo.com\/index.php\/proyectos\/","title":{"rendered":"Proyectos"},"content":{"rendered":"\n<p>\u00bfA d\u00f3nde se fue el instinto?<\/p>\n\n\n\nngg_shortcode_0_placeholder\n\n\n\n<p>Nos Morimos y el quehacer no se acaba<\/p>\n\n\n\nngg_shortcode_1_placeholder\n\n\n\n<p>El sublime hilo rojo de Lea Cant\u00fa<\/p>\n\n\n\nngg_shortcode_2_placeholder\n\n\n\n<div class=\"wp-block-group\"><div class=\"wp-block-group__inner-container is-layout-constrained wp-block-group-is-layout-constrained\">\n<p>Relatos de Jard\u00edn<\/p>\n\n\n\nngg_shortcode_3_placeholder\n\n\n\n<p><\/p>\n\n\n\n<p>Transici\u00f3n<\/p>\n\n\n\n<div class=\"wp-block-group\"><div class=\"wp-block-group__inner-container is-layout-constrained wp-block-group-is-layout-constrained\">\nngg_shortcode_4_placeholder\n<\/div><\/div>\n<\/div><\/div>\n\n\n\n<p>Anamnesis\u00a0<\/p>\n\n\n\n<div class=\"wp-block-group\"><div class=\"wp-block-group__inner-container is-layout-constrained wp-block-group-is-layout-constrained\">\nngg_shortcode_5_placeholder\n<\/div><\/div>\n\n\n\n<p>La Granja Sanitaria<\/p>\n\n\n\nngg_shortcode_6_placeholder\n","protected":false},"excerpt":{"rendered":"<p>\u00bfA d\u00f3nde se fue el instinto? Nos Morimos y el quehacer no se acaba El sublime hilo rojo de Lea Cant\u00fa Relatos de Jard\u00edn Transici\u00f3n Anamnesis\u00a0 La Granja Sanitaria<\/p>\n","protected":false},"author":1,"featured_media":0,"parent":0,"menu_order":0,"comment_status":"closed","ping_status":"closed","template":"","meta":{"ngg_post_thumbnail":0,"footnotes":""},"class_list":["post-24","page","type-page","status-publish","hentry"],"_links":{"self":[{"href":"https:\/\/elizatrejo.com\/index.php\/wp-json\/wp\/v2\/pages\/24","targetHints":{"allow":["GET"]}}],"collection":[{"href":"https:\/\/elizatrejo.com\/index.php\/wp-json\/wp\/v2\/pages"}],"about":[{"href":"https:\/\/elizatrejo.com\/index.php\/wp-json\/wp\/v2\/types\/page"}],"author":[{"embeddable":true,"href":"https:\/\/elizatrejo.com\/index.php\/wp-json\/wp\/v2\/users\/1"}],"replies":[{"embeddable":true,"href":"https:\/\/elizatrejo.com\/index.php\/wp-json\/wp\/v2\/comments?post=24"}],"version-history":[{"count":42,"href":"https:\/\/elizatrejo.com\/index.php\/wp-json\/wp\/v2\/pages\/24\/revisions"}],"predecessor-version":[{"id":2186,"href":"https:\/\/elizatrejo.com\/index.php\/wp-json\/wp\/v2\/pages\/24\/revisions\/2186"}],"wp:attachment":[{"href":"https:\/\/elizatrejo.com\/index.php\/wp-json\/wp\/v2\/media?parent=24"}],"curies":[{"name":"wp","href":"https:\/\/api.w.org\/{rel}","templated":true}]}}