{"id":202,"date":"2023-03-14T01:16:11","date_gmt":"2023-03-14T01:16:11","guid":{"rendered":"https:\/\/elizatrejo.com\/?page_id=202"},"modified":"2024-08-16T03:42:12","modified_gmt":"2024-08-16T03:42:12","slug":"anamnesis","status":"publish","type":"page","link":"https:\/\/elizatrejo.com\/index.php\/anamnesis\/","title":{"rendered":"Anamnesis"},"content":{"rendered":"\n<div class=\"wp-block-cover is-light has-small-font-size\"><span aria-hidden=\"true\" class=\"wp-block-cover__background has-background-dim-40 has-background-dim\"><\/span><img loading=\"lazy\" decoding=\"async\" width=\"1714\" height=\"2560\" class=\"wp-block-cover__image-background wp-image-1704\" alt=\"\" src=\"https:\/\/elizatrejo.com\/wp-content\/uploads\/2024\/08\/DSC_5964-scaled.jpg\" data-object-fit=\"cover\" srcset=\"https:\/\/elizatrejo.com\/wp-content\/uploads\/2024\/08\/DSC_5964-scaled.jpg 1714w, https:\/\/elizatrejo.com\/wp-content\/uploads\/2024\/08\/DSC_5964-201x300.jpg 201w, https:\/\/elizatrejo.com\/wp-content\/uploads\/2024\/08\/DSC_5964-685x1024.jpg 685w, https:\/\/elizatrejo.com\/wp-content\/uploads\/2024\/08\/DSC_5964-768x1147.jpg 768w, https:\/\/elizatrejo.com\/wp-content\/uploads\/2024\/08\/DSC_5964-1028x1536.jpg 1028w, https:\/\/elizatrejo.com\/wp-content\/uploads\/2024\/08\/DSC_5964-1371x2048.jpg 1371w\" sizes=\"auto, (max-width: 1714px) 100vw, 1714px\" \/><div class=\"wp-block-cover__inner-container is-layout-flow wp-block-cover-is-layout-flow\">\n<p class=\"has-text-align-left has-white-color has-text-color has-small-font-size\">La Anamnesis es un m\u00e9todo para recordar lo olvidado.<br>La anamnesis nace cuando de la abstracci\u00f3n se pasa a escenas concretas. En terapia narrativa, volver a narrar una escena recupera hechos, detalles ignorados, lo cual permitir\u00e1 la curaci\u00f3n del problema.<br>La p\u00e9rdida del objeto amado, en concreto la madre, desemboca en una recolecci\u00f3n de vestigios de lo que fue, como una manera de construir escenas que permitan sanar. Traer su pasado al presente del que vive la orfandad.<br>Como habla Roland Barthes en La C\u00e1mara Lucida, \u201cDe un cuerpo real, que se encontraba all\u00ed, han salido radiaciones que vienen a impresionarme a m\u00ed, que me encuentro aqu\u00ed; importa poco el tiempo que termine la transmisi\u00f3n; \u2026\u201c Esos rayos que fueron emanados por el referente se trasladan al presente a trav\u00e9s de objetos que estuvieron en contacto con \u00e9l.<br>Crear una anamnesis a pesar ausencia del sujeto, una simulaci\u00f3n, donde los detalles se resignifican de lo que no se habl\u00f3.<\/p>\n<\/div><\/div>\n\n\n\n<p class=\"has-small-font-size\"><\/p>\n\n\n\n<div class=\"alignnormal\"><div id=\"metaslider-id-211\" style=\"width: 100%; margin: 0 auto;\" class=\"ml-slider-3-107-0 metaslider metaslider-flex metaslider-211 ml-slider has-dots-nav ms-theme-default\" role=\"region\" aria-label=\"Anamnesis\" data-height=\"399\" data-width=\"600\">\n    <div id=\"metaslider_container_211\">\n        <div id=\"metaslider_211\" class=\"flexslider\">\n            <ul class='slides'>\n                <li style=\"display: block; width: 100%;\" class=\"slide-212 ms-image \" aria-roledescription=\"slide\" data-date=\"2023-03-14 01:24:01\" data-filename=\"6-scaled-600x399.jpg\" data-slide-type=\"image\"><img loading=\"lazy\" decoding=\"async\" src=\"https:\/\/elizatrejo.com\/wp-content\/uploads\/2023\/03\/6-scaled-600x399.jpg\" height=\"399\" width=\"600\" alt=\"\" class=\"slider-211 slide-212 msDefaultImage\" title=\"6\" \/><\/li>\n                <li style=\"display: none; width: 100%;\" class=\"slide-213 ms-image \" aria-roledescription=\"slide\" data-date=\"2023-03-14 01:24:01\" data-filename=\"2-1-scaled-600x399.jpg\" data-slide-type=\"image\"><img loading=\"lazy\" decoding=\"async\" src=\"https:\/\/elizatrejo.com\/wp-content\/uploads\/2023\/03\/2-1-scaled-600x399.jpg\" height=\"399\" width=\"600\" alt=\"\" class=\"slider-211 slide-213 msDefaultImage\" title=\"2\" \/><\/li>\n                <li style=\"display: none; width: 100%;\" class=\"slide-214 ms-image \" aria-roledescription=\"slide\" data-date=\"2023-03-14 01:24:02\" data-filename=\"Capture-600x399.jpg\" data-slide-type=\"image\"><img loading=\"lazy\" decoding=\"async\" src=\"https:\/\/elizatrejo.com\/wp-content\/uploads\/2023\/03\/Capture-600x399.jpg\" height=\"399\" width=\"600\" alt=\"\" class=\"slider-211 slide-214 msDefaultImage\" title=\"Capture\" \/><\/li>\n                <li style=\"display: none; width: 100%;\" class=\"slide-215 ms-image \" aria-roledescription=\"slide\" data-date=\"2023-03-14 01:24:02\" data-filename=\"25-scaled-600x399.jpg\" data-slide-type=\"image\"><img loading=\"lazy\" decoding=\"async\" src=\"https:\/\/elizatrejo.com\/wp-content\/uploads\/2023\/03\/25-scaled-600x399.jpg\" height=\"399\" width=\"600\" alt=\"\" class=\"slider-211 slide-215 msDefaultImage\" title=\"200\" \/><\/li>\n                <li style=\"display: none; width: 100%;\" class=\"slide-217 ms-image \" aria-roledescription=\"slide\" data-date=\"2023-03-14 01:24:02\" data-filename=\"1-scaled-600x399.jpg\" data-slide-type=\"image\"><img loading=\"lazy\" decoding=\"async\" src=\"https:\/\/elizatrejo.com\/wp-content\/uploads\/2023\/03\/1-scaled-600x399.jpg\" height=\"399\" width=\"600\" alt=\"\" class=\"slider-211 slide-217 msDefaultImage\" title=\"1\" \/><\/li>\n                <li style=\"display: none; width: 100%;\" class=\"slide-274 ms-image \" aria-roledescription=\"slide\" data-date=\"2023-03-14 02:31:23\" data-filename=\"DSC_6343-600x399.jpg\" data-slide-type=\"image\"><img loading=\"lazy\" decoding=\"async\" src=\"https:\/\/elizatrejo.com\/wp-content\/uploads\/2023\/03\/DSC_6343-600x399.jpg\" height=\"399\" width=\"600\" alt=\"\" class=\"slider-211 slide-274 msDefaultImage\" title=\"DSC_6343\" \/><\/li>\n            <\/ul>\n        <\/div>\n        \n    <\/div>\n<\/div><\/div>\n","protected":false},"excerpt":{"rendered":"","protected":false},"author":1,"featured_media":0,"parent":0,"menu_order":0,"comment_status":"closed","ping_status":"closed","template":"","meta":{"ngg_post_thumbnail":0,"footnotes":""},"class_list":["post-202","page","type-page","status-publish","hentry"],"_links":{"self":[{"href":"https:\/\/elizatrejo.com\/index.php\/wp-json\/wp\/v2\/pages\/202","targetHints":{"allow":["GET"]}}],"collection":[{"href":"https:\/\/elizatrejo.com\/index.php\/wp-json\/wp\/v2\/pages"}],"about":[{"href":"https:\/\/elizatrejo.com\/index.php\/wp-json\/wp\/v2\/types\/page"}],"author":[{"embeddable":true,"href":"https:\/\/elizatrejo.com\/index.php\/wp-json\/wp\/v2\/users\/1"}],"replies":[{"embeddable":true,"href":"https:\/\/elizatrejo.com\/index.php\/wp-json\/wp\/v2\/comments?post=202"}],"version-history":[{"count":4,"href":"https:\/\/elizatrejo.com\/index.php\/wp-json\/wp\/v2\/pages\/202\/revisions"}],"predecessor-version":[{"id":1707,"href":"https:\/\/elizatrejo.com\/index.php\/wp-json\/wp\/v2\/pages\/202\/revisions\/1707"}],"wp:attachment":[{"href":"https:\/\/elizatrejo.com\/index.php\/wp-json\/wp\/v2\/media?parent=202"}],"curies":[{"name":"wp","href":"https:\/\/api.w.org\/{rel}","templated":true}]}}