{"id":1921,"date":"2025-05-06T19:52:31","date_gmt":"2025-05-06T19:52:31","guid":{"rendered":"https:\/\/elizatrejo.com\/?page_id=1921"},"modified":"2026-04-08T04:33:31","modified_gmt":"2026-04-08T04:33:31","slug":"a-donde-se-fue-el-instinto","status":"publish","type":"page","link":"https:\/\/elizatrejo.com\/","title":{"rendered":"\u00bfA d\u00f3nde se fue el instinto?"},"content":{"rendered":"\n<div class=\"wp-block-cover has-parallax has-white-color has-text-color has-link-color has-small-font-size wp-elements-3f89a0ab6e77e4e66b9f0d210baba270 wp-duotone-unset-1\"><div class=\"wp-block-cover__image-background wp-image-1935 size-medium has-parallax\" style=\"background-position:50% 50%;background-image:url(https:\/\/elizatrejo.com\/wp-content\/uploads\/2025\/05\/DSC_8825_presentacion-300x300.jpg)\"><\/div><span aria-hidden=\"true\" class=\"wp-block-cover__background has-background-dim-60 has-background-dim\"><\/span><div class=\"wp-block-cover__inner-container is-layout-flow wp-block-cover-is-layout-flow\">\n<div class=\"wp-block-group is-vertical is-layout-flex wp-container-core-group-is-layout-8cf370e7 wp-block-group-is-layout-flex\">\n<p class=\"has-text-align-left has-medium-font-size\">Este proyecto inicio durante el diplomado FORMA, impartido por el CEIIDA de la UANL, en el que recib\u00ed el acompa\u00f1amiento de dos tutores, <strong>C\u00e9sar Gonz\u00e1lez-Aguirre y Yolanda Leal<\/strong>, as\u00ed como de diferentes talleristas con la intenci\u00f3n de elaborar un fotolibro. En una primera instancia, el objetivo del proyecto era mostrar parte del album familiar de una mujer muy querida que cuido de mis hermanas y de mi en los ultimos diez a\u00f1os despues del fallecimiento de mi mama, que acababa de fallecer, sin embargo, fue mutando a un dialogo con sus fotos de archivo, las m\u00edas y de otras mujeres an\u00f3nimas para hacer este cuestionamiento sobre el instinto materno. \u00bfQu\u00e9 era lo que quer\u00eda entender de ese amor incondicional y del cuidado que Mar\u00eda Guadalupe hab\u00eda ofrecido a todes sus &nbsp;ahijades ,a su hijo propio, a mis hermanas y mi?<\/p>\n\n\n\n<p class=\"has-text-align-left has-small-font-size\"><\/p>\n\n\n\n<p><\/p>\n\n\n\n<p class=\"has-text-align-left has-medium-font-size\">Descripci\u00f3n del proyecto:<\/p>\n\n\n\n<p class=\"has-text-align-left has-medium-font-size\">Las mujeres de nuestras familias, como abuelas y madres, sol\u00edan atesorar momentos significativos en \u00e1lbumes que narraban nuestras historias. Pero, \u00bfqu\u00e9 ocurre cuando no hay im\u00e1genes nost\u00e1lgicas que guardar? Eleg\u00ed no ser madre, y sin embargo, en mis \u00faltimos a\u00f1os reproductivos, surge una curiosidad.<\/p>\n\n\n\n<p class=\"has-text-align-left has-medium-font-size\">Al explorar paralelismos entre mi vida y la de otras mujeres, a trav\u00e9s de las fotos de nuestros \u00e1lbumes, me pregunto: \u00bfqu\u00e9 eventos de mi vida merecen ser recordados? \u00bfHe sentido un deseo de ser madre? Este proyecto se convierte en un di\u00e1logo a trav\u00e9s de im\u00e1genes, cuestionando si existe un anhelo innato de procrear y cuidar de otro ser, o si, al priorizar otras metas, he dejado de lado ese deseo.<\/p>\n<\/div>\n<\/div><\/div>\n\n\n\n<p class=\"has-text-align-center\">Rese\u00f1a en CLAVOARDIENDO por Karla Guerrero<br><a href=\"https:\/\/clavoardiendo-magazine.com\/mundofoto\/fotolibros\/elisabth-trejo\/\">https:\/\/clavoardiendo-magazine.com\/mundofoto\/fotolibros\/elisabth-trejo\/<\/a><\/p>\n\n\n\n<p class=\"has-text-align-center has-small-font-size\">Registro Miau Ediciones<\/p>\n\n\n<div class=\"wp-block-image\">\n<figure class=\"aligncenter size-large is-resized\"><img loading=\"lazy\" decoding=\"async\" width=\"768\" height=\"1024\" src=\"https:\/\/elizatrejo.com\/wp-content\/uploads\/2025\/05\/Imagen-de-WhatsApp-2025-04-24-a-las-18.30.52_1fe6d87c-1-768x1024.jpg\" alt=\"\" class=\"wp-image-1915\" style=\"width:554px;height:auto\" srcset=\"https:\/\/elizatrejo.com\/wp-content\/uploads\/2025\/05\/Imagen-de-WhatsApp-2025-04-24-a-las-18.30.52_1fe6d87c-1-768x1024.jpg 768w, https:\/\/elizatrejo.com\/wp-content\/uploads\/2025\/05\/Imagen-de-WhatsApp-2025-04-24-a-las-18.30.52_1fe6d87c-1-225x300.jpg 225w, https:\/\/elizatrejo.com\/wp-content\/uploads\/2025\/05\/Imagen-de-WhatsApp-2025-04-24-a-las-18.30.52_1fe6d87c-1-1152x1536.jpg 1152w, https:\/\/elizatrejo.com\/wp-content\/uploads\/2025\/05\/Imagen-de-WhatsApp-2025-04-24-a-las-18.30.52_1fe6d87c-1-1536x2048.jpg 1536w, https:\/\/elizatrejo.com\/wp-content\/uploads\/2025\/05\/Imagen-de-WhatsApp-2025-04-24-a-las-18.30.52_1fe6d87c-1-473x631.jpg 473w, https:\/\/elizatrejo.com\/wp-content\/uploads\/2025\/05\/Imagen-de-WhatsApp-2025-04-24-a-las-18.30.52_1fe6d87c-1-720x960.jpg 720w, https:\/\/elizatrejo.com\/wp-content\/uploads\/2025\/05\/Imagen-de-WhatsApp-2025-04-24-a-las-18.30.52_1fe6d87c-1-scaled.jpg 1920w\" sizes=\"auto, (max-width: 768px) 100vw, 768px\" \/><\/figure><\/div>\n\n\n<p>Algunas p\u00e1ginas del fotolibro<\/p>\n\n\n\n<div class=\"wp-block-group is-nowrap is-layout-flex wp-container-core-group-is-layout-ad2f72ca wp-block-group-is-layout-flex\">\n<figure class=\"wp-block-gallery has-nested-images columns-2 is-cropped has-white-background-color has-background wp-block-gallery-2 is-layout-flex wp-block-gallery-is-layout-flex\">\n<figure class=\"wp-block-image size-large\"><img loading=\"lazy\" decoding=\"async\" width=\"1024\" height=\"744\" data-id=\"2517\" src=\"https:\/\/elizatrejo.com\/wp-content\/uploads\/2026\/01\/AdondeSefueEl_instrinto006-1024x744.jpg\" alt=\"\" class=\"wp-image-2517\" srcset=\"https:\/\/elizatrejo.com\/wp-content\/uploads\/2026\/01\/AdondeSefueEl_instrinto006-1024x744.jpg 1024w, https:\/\/elizatrejo.com\/wp-content\/uploads\/2026\/01\/AdondeSefueEl_instrinto006-300x218.jpg 300w, https:\/\/elizatrejo.com\/wp-content\/uploads\/2026\/01\/AdondeSefueEl_instrinto006-768x558.jpg 768w, https:\/\/elizatrejo.com\/wp-content\/uploads\/2026\/01\/AdondeSefueEl_instrinto006-100x73.jpg 100w, https:\/\/elizatrejo.com\/wp-content\/uploads\/2026\/01\/AdondeSefueEl_instrinto006-1536x1116.jpg 1536w, https:\/\/elizatrejo.com\/wp-content\/uploads\/2026\/01\/AdondeSefueEl_instrinto006-2048x1488.jpg 2048w, https:\/\/elizatrejo.com\/wp-content\/uploads\/2026\/01\/AdondeSefueEl_instrinto006-1140x828.jpg 1140w\" sizes=\"auto, (max-width: 1024px) 100vw, 1024px\" \/><\/figure>\n\n\n\n<figure class=\"wp-block-image size-large\"><img loading=\"lazy\" decoding=\"async\" width=\"1024\" height=\"758\" data-id=\"2518\" src=\"https:\/\/elizatrejo.com\/wp-content\/uploads\/2026\/01\/AdondeSefueEl_instrinto007-1024x758.jpg\" alt=\"\" class=\"wp-image-2518\" srcset=\"https:\/\/elizatrejo.com\/wp-content\/uploads\/2026\/01\/AdondeSefueEl_instrinto007-1024x758.jpg 1024w, https:\/\/elizatrejo.com\/wp-content\/uploads\/2026\/01\/AdondeSefueEl_instrinto007-300x222.jpg 300w, https:\/\/elizatrejo.com\/wp-content\/uploads\/2026\/01\/AdondeSefueEl_instrinto007-768x568.jpg 768w, https:\/\/elizatrejo.com\/wp-content\/uploads\/2026\/01\/AdondeSefueEl_instrinto007-100x74.jpg 100w, https:\/\/elizatrejo.com\/wp-content\/uploads\/2026\/01\/AdondeSefueEl_instrinto007-1536x1137.jpg 1536w, https:\/\/elizatrejo.com\/wp-content\/uploads\/2026\/01\/AdondeSefueEl_instrinto007-2048x1515.jpg 2048w, https:\/\/elizatrejo.com\/wp-content\/uploads\/2026\/01\/AdondeSefueEl_instrinto007-1140x844.jpg 1140w\" sizes=\"auto, (max-width: 1024px) 100vw, 1024px\" \/><\/figure>\n\n\n\n<figure class=\"wp-block-image size-large\"><img loading=\"lazy\" decoding=\"async\" width=\"1024\" height=\"747\" data-id=\"2519\" src=\"https:\/\/elizatrejo.com\/wp-content\/uploads\/2026\/01\/AdondeSefueEl_instrinto010-1024x747.jpg\" alt=\"\" class=\"wp-image-2519\" srcset=\"https:\/\/elizatrejo.com\/wp-content\/uploads\/2026\/01\/AdondeSefueEl_instrinto010-1024x747.jpg 1024w, https:\/\/elizatrejo.com\/wp-content\/uploads\/2026\/01\/AdondeSefueEl_instrinto010-300x219.jpg 300w, https:\/\/elizatrejo.com\/wp-content\/uploads\/2026\/01\/AdondeSefueEl_instrinto010-768x560.jpg 768w, https:\/\/elizatrejo.com\/wp-content\/uploads\/2026\/01\/AdondeSefueEl_instrinto010-100x73.jpg 100w, https:\/\/elizatrejo.com\/wp-content\/uploads\/2026\/01\/AdondeSefueEl_instrinto010-1536x1120.jpg 1536w, https:\/\/elizatrejo.com\/wp-content\/uploads\/2026\/01\/AdondeSefueEl_instrinto010-2048x1494.jpg 2048w, https:\/\/elizatrejo.com\/wp-content\/uploads\/2026\/01\/AdondeSefueEl_instrinto010-1140x831.jpg 1140w\" sizes=\"auto, (max-width: 1024px) 100vw, 1024px\" \/><\/figure>\n\n\n\n<figure class=\"wp-block-image size-large\"><img loading=\"lazy\" decoding=\"async\" width=\"1024\" height=\"777\" data-id=\"2520\" src=\"https:\/\/elizatrejo.com\/wp-content\/uploads\/2026\/01\/AdondeSefueEl_instrinto021-1024x777.jpg\" alt=\"\" class=\"wp-image-2520\" srcset=\"https:\/\/elizatrejo.com\/wp-content\/uploads\/2026\/01\/AdondeSefueEl_instrinto021-1024x777.jpg 1024w, https:\/\/elizatrejo.com\/wp-content\/uploads\/2026\/01\/AdondeSefueEl_instrinto021-300x228.jpg 300w, https:\/\/elizatrejo.com\/wp-content\/uploads\/2026\/01\/AdondeSefueEl_instrinto021-768x583.jpg 768w, https:\/\/elizatrejo.com\/wp-content\/uploads\/2026\/01\/AdondeSefueEl_instrinto021-100x76.jpg 100w, https:\/\/elizatrejo.com\/wp-content\/uploads\/2026\/01\/AdondeSefueEl_instrinto021-1536x1166.jpg 1536w, https:\/\/elizatrejo.com\/wp-content\/uploads\/2026\/01\/AdondeSefueEl_instrinto021-2048x1555.jpg 2048w, https:\/\/elizatrejo.com\/wp-content\/uploads\/2026\/01\/AdondeSefueEl_instrinto021-1140x865.jpg 1140w\" sizes=\"auto, (max-width: 1024px) 100vw, 1024px\" \/><\/figure>\n\n\n\n<figure class=\"wp-block-image size-large\"><img loading=\"lazy\" decoding=\"async\" width=\"1024\" height=\"741\" data-id=\"2521\" src=\"https:\/\/elizatrejo.com\/wp-content\/uploads\/2026\/01\/AdondeSefuEEl_instrinto024-1024x741.jpg\" alt=\"\" class=\"wp-image-2521\" srcset=\"https:\/\/elizatrejo.com\/wp-content\/uploads\/2026\/01\/AdondeSefuEEl_instrinto024-1024x741.jpg 1024w, https:\/\/elizatrejo.com\/wp-content\/uploads\/2026\/01\/AdondeSefuEEl_instrinto024-300x217.jpg 300w, https:\/\/elizatrejo.com\/wp-content\/uploads\/2026\/01\/AdondeSefuEEl_instrinto024-768x555.jpg 768w, https:\/\/elizatrejo.com\/wp-content\/uploads\/2026\/01\/AdondeSefuEEl_instrinto024-100x72.jpg 100w, https:\/\/elizatrejo.com\/wp-content\/uploads\/2026\/01\/AdondeSefuEEl_instrinto024-1536x1111.jpg 1536w, https:\/\/elizatrejo.com\/wp-content\/uploads\/2026\/01\/AdondeSefuEEl_instrinto024-2048x1481.jpg 2048w, https:\/\/elizatrejo.com\/wp-content\/uploads\/2026\/01\/AdondeSefuEEl_instrinto024-1140x824.jpg 1140w\" sizes=\"auto, (max-width: 1024px) 100vw, 1024px\" \/><\/figure>\n\n\n\n<figure class=\"wp-block-image size-large\"><img loading=\"lazy\" decoding=\"async\" width=\"1024\" height=\"756\" data-id=\"2522\" src=\"https:\/\/elizatrejo.com\/wp-content\/uploads\/2026\/01\/AdondeSefueEl_instrinto034-1024x756.jpg\" alt=\"\" class=\"wp-image-2522\" srcset=\"https:\/\/elizatrejo.com\/wp-content\/uploads\/2026\/01\/AdondeSefueEl_instrinto034-1024x756.jpg 1024w, https:\/\/elizatrejo.com\/wp-content\/uploads\/2026\/01\/AdondeSefueEl_instrinto034-300x222.jpg 300w, https:\/\/elizatrejo.com\/wp-content\/uploads\/2026\/01\/AdondeSefueEl_instrinto034-768x567.jpg 768w, https:\/\/elizatrejo.com\/wp-content\/uploads\/2026\/01\/AdondeSefueEl_instrinto034-100x74.jpg 100w, https:\/\/elizatrejo.com\/wp-content\/uploads\/2026\/01\/AdondeSefueEl_instrinto034-1536x1134.jpg 1536w, https:\/\/elizatrejo.com\/wp-content\/uploads\/2026\/01\/AdondeSefueEl_instrinto034-2048x1513.jpg 2048w, https:\/\/elizatrejo.com\/wp-content\/uploads\/2026\/01\/AdondeSefueEl_instrinto034-1140x842.jpg 1140w\" sizes=\"auto, (max-width: 1024px) 100vw, 1024px\" \/><\/figure>\n<\/figure>\n<\/div>\n\n\n\n<div class=\"wp-block-columns is-layout-flex wp-container-core-columns-is-layout-9d6595d7 wp-block-columns-is-layout-flex\">\n<div class=\"wp-block-column is-layout-flow wp-block-column-is-layout-flow\">\n<p>Exposici\u00f3n La Ciudad en Fotolibros en la Nave Generadores de Conarte , 2026<\/p>\n<\/div>\n<\/div>\n\n\n\n<figure class=\"wp-block-gallery has-nested-images columns-default is-cropped wp-block-gallery-3 is-layout-flex wp-block-gallery-is-layout-flex\">\n<figure class=\"wp-block-image size-large\"><img loading=\"lazy\" decoding=\"async\" width=\"1024\" height=\"584\" data-id=\"2514\" src=\"https:\/\/elizatrejo.com\/wp-content\/uploads\/2026\/01\/DSC_0211-1024x584.jpg\" alt=\"\" class=\"wp-image-2514\" srcset=\"https:\/\/elizatrejo.com\/wp-content\/uploads\/2026\/01\/DSC_0211-1024x584.jpg 1024w, https:\/\/elizatrejo.com\/wp-content\/uploads\/2026\/01\/DSC_0211-300x171.jpg 300w, https:\/\/elizatrejo.com\/wp-content\/uploads\/2026\/01\/DSC_0211-768x438.jpg 768w, https:\/\/elizatrejo.com\/wp-content\/uploads\/2026\/01\/DSC_0211-100x57.jpg 100w, https:\/\/elizatrejo.com\/wp-content\/uploads\/2026\/01\/DSC_0211-1536x877.jpg 1536w, https:\/\/elizatrejo.com\/wp-content\/uploads\/2026\/01\/DSC_0211-2048x1169.jpg 2048w, https:\/\/elizatrejo.com\/wp-content\/uploads\/2026\/01\/DSC_0211-1140x651.jpg 1140w\" sizes=\"auto, (max-width: 1024px) 100vw, 1024px\" \/><\/figure>\n\n\n\n<figure class=\"wp-block-image size-large\"><img loading=\"lazy\" decoding=\"async\" width=\"1024\" height=\"683\" data-id=\"2516\" src=\"https:\/\/elizatrejo.com\/wp-content\/uploads\/2026\/01\/DSC_0209-1024x683.jpg\" alt=\"\" class=\"wp-image-2516\" srcset=\"https:\/\/elizatrejo.com\/wp-content\/uploads\/2026\/01\/DSC_0209-1024x683.jpg 1024w, https:\/\/elizatrejo.com\/wp-content\/uploads\/2026\/01\/DSC_0209-300x200.jpg 300w, https:\/\/elizatrejo.com\/wp-content\/uploads\/2026\/01\/DSC_0209-768x512.jpg 768w, https:\/\/elizatrejo.com\/wp-content\/uploads\/2026\/01\/DSC_0209-100x67.jpg 100w, https:\/\/elizatrejo.com\/wp-content\/uploads\/2026\/01\/DSC_0209-1536x1024.jpg 1536w, https:\/\/elizatrejo.com\/wp-content\/uploads\/2026\/01\/DSC_0209-2048x1365.jpg 2048w, https:\/\/elizatrejo.com\/wp-content\/uploads\/2026\/01\/DSC_0209-364x242.jpg 364w, https:\/\/elizatrejo.com\/wp-content\/uploads\/2026\/01\/DSC_0209-1140x760.jpg 1140w\" sizes=\"auto, (max-width: 1024px) 100vw, 1024px\" \/><\/figure>\n\n\n\n<figure class=\"wp-block-image size-large\"><img loading=\"lazy\" decoding=\"async\" width=\"1024\" height=\"715\" data-id=\"2515\" src=\"https:\/\/elizatrejo.com\/wp-content\/uploads\/2026\/01\/DSC_0210-1024x715.jpg\" alt=\"\" class=\"wp-image-2515\" srcset=\"https:\/\/elizatrejo.com\/wp-content\/uploads\/2026\/01\/DSC_0210-1024x715.jpg 1024w, https:\/\/elizatrejo.com\/wp-content\/uploads\/2026\/01\/DSC_0210-300x210.jpg 300w, https:\/\/elizatrejo.com\/wp-content\/uploads\/2026\/01\/DSC_0210-768x536.jpg 768w, https:\/\/elizatrejo.com\/wp-content\/uploads\/2026\/01\/DSC_0210-100x70.jpg 100w, https:\/\/elizatrejo.com\/wp-content\/uploads\/2026\/01\/DSC_0210-1536x1073.jpg 1536w, https:\/\/elizatrejo.com\/wp-content\/uploads\/2026\/01\/DSC_0210-2048x1430.jpg 2048w, https:\/\/elizatrejo.com\/wp-content\/uploads\/2026\/01\/DSC_0210-1140x796.jpg 1140w\" sizes=\"auto, (max-width: 1024px) 100vw, 1024px\" \/><\/figure>\n\n\n\n<figure class=\"wp-block-image size-large\"><img loading=\"lazy\" decoding=\"async\" width=\"1024\" height=\"683\" data-id=\"2513\" src=\"https:\/\/elizatrejo.com\/wp-content\/uploads\/2026\/01\/DSC_0213-1024x683.jpg\" alt=\"\" class=\"wp-image-2513\" srcset=\"https:\/\/elizatrejo.com\/wp-content\/uploads\/2026\/01\/DSC_0213-1024x683.jpg 1024w, https:\/\/elizatrejo.com\/wp-content\/uploads\/2026\/01\/DSC_0213-300x200.jpg 300w, https:\/\/elizatrejo.com\/wp-content\/uploads\/2026\/01\/DSC_0213-768x512.jpg 768w, https:\/\/elizatrejo.com\/wp-content\/uploads\/2026\/01\/DSC_0213-100x67.jpg 100w, https:\/\/elizatrejo.com\/wp-content\/uploads\/2026\/01\/DSC_0213-1536x1024.jpg 1536w, https:\/\/elizatrejo.com\/wp-content\/uploads\/2026\/01\/DSC_0213-2048x1365.jpg 2048w, https:\/\/elizatrejo.com\/wp-content\/uploads\/2026\/01\/DSC_0213-364x242.jpg 364w, https:\/\/elizatrejo.com\/wp-content\/uploads\/2026\/01\/DSC_0213-1140x760.jpg 1140w\" sizes=\"auto, (max-width: 1024px) 100vw, 1024px\" \/><\/figure>\n<\/figure>\n","protected":false},"excerpt":{"rendered":"<p>Rese\u00f1a en CLAVOARDIENDO por Karla Guerrerohttps:\/\/clavoardiendo-magazine.com\/mundofoto\/fotolibros\/elisabth-trejo\/ Registro Miau Ediciones Algunas p\u00e1ginas del fotolibro Exposici\u00f3n La Ciudad en Fotolibros en la Nave Generadores de Conarte , 2026<\/p>\n","protected":false},"author":2,"featured_media":0,"parent":0,"menu_order":0,"comment_status":"closed","ping_status":"closed","template":"","meta":{"ngg_post_thumbnail":0,"footnotes":""},"class_list":["post-1921","page","type-page","status-publish","hentry"],"_links":{"self":[{"href":"https:\/\/elizatrejo.com\/index.php\/wp-json\/wp\/v2\/pages\/1921","targetHints":{"allow":["GET"]}}],"collection":[{"href":"https:\/\/elizatrejo.com\/index.php\/wp-json\/wp\/v2\/pages"}],"about":[{"href":"https:\/\/elizatrejo.com\/index.php\/wp-json\/wp\/v2\/types\/page"}],"author":[{"embeddable":true,"href":"https:\/\/elizatrejo.com\/index.php\/wp-json\/wp\/v2\/users\/2"}],"replies":[{"embeddable":true,"href":"https:\/\/elizatrejo.com\/index.php\/wp-json\/wp\/v2\/comments?post=1921"}],"version-history":[{"count":9,"href":"https:\/\/elizatrejo.com\/index.php\/wp-json\/wp\/v2\/pages\/1921\/revisions"}],"predecessor-version":[{"id":2586,"href":"https:\/\/elizatrejo.com\/index.php\/wp-json\/wp\/v2\/pages\/1921\/revisions\/2586"}],"wp:attachment":[{"href":"https:\/\/elizatrejo.com\/index.php\/wp-json\/wp\/v2\/media?parent=1921"}],"curies":[{"name":"wp","href":"https:\/\/api.w.org\/{rel}","templated":true}]}}