{"id":1579,"date":"2024-05-25T04:59:28","date_gmt":"2024-05-25T04:59:28","guid":{"rendered":"https:\/\/elizatrejo.com\/?page_id=1579"},"modified":"2024-05-25T04:59:28","modified_gmt":"2024-05-25T04:59:28","slug":"devenir","status":"publish","type":"page","link":"https:\/\/elizatrejo.com\/index.php\/devenir\/","title":{"rendered":"Devenir"},"content":{"rendered":"\n<p>2020<\/p>\n\n\n\n<p>Conscientes de nuestra mortalidad, trazamos direcciones colectivas o de com\u00fan acuerdo.<\/p>\n\n\n\n<p>Llevar en plenitud el estadio entre el nacimiento y la muerte.<\/p>\n\n\n\n<p>Gradualmente se desvanecen los mapas impregnados en nuestra cabeza.<\/p>\n\n\n\n<p>&nbsp;Algunos navegamos sin mapa, abandonados en la corriente: a la deriva.<\/p>\n\n\n\n<p>Cual primate imitando los gestos y acciones de los dem\u00e1s. Sin cuestionarnos el destino.<\/p>\n\n\n\n<p>El c\u00famulo de posesiones no sacian el deseo de tener.<\/p>\n\n\n\n<p>El sin sentido y el \u00fanico objetivo de satisfacer los intereses individuales reinan, si ya todo est\u00e1 perdido, \u00bfqu\u00e9 caso tiene pensar en lo que est\u00e1 fuera de m\u00ed? Los centros comerciales llenos, las selfis en lugares tur\u00edsticos es lo que importa. Aunque solo sea un par de minutos, llevar el outfit adecuado, esperar a que las nubes desaparezcan.<\/p>\n\n\n\n<p>Tener la mejor apariencia, la superficie de algo hueco es lo que da valor.<\/p>\n\n\n\n<p>La sonrisa dice que eres feliz. Ya no hay espacio en el armario para m\u00e1s ropa, pero sigues deseando ropa nueva. Vas cinco d\u00edas a la semana (si eres de los privilegiados que descansan los fines de semana) a trabajar, siendo solo un peque\u00f1o engranaje para la maquinaria que genera dinero.<\/p>\n\n\n\n<p>&nbsp;Eres un ejecutor sin un prop\u00f3sito propio. M\u00e1s cercano a lo rob\u00f3tico que lo humano. Aislado con tus aud\u00edfonos. A\u00fan somos seres emocionales, nuestra angustia, miedo y deseo son usados a ton y son para convertirlos en acciones de consumo. Los recuerdos digitales tocan nuestras fibras sensibles y nos generan nostalgia.<\/p>\n\n\n\n<p>Al ver los viejos \u00e1lbumes de fotos, que a\u00fan (algunos) guardamos, nos preguntamos si en realidad la forma en que llevamos nuestra vida es satisfactoria. <\/p>\n\n\n\n<p>En este recorrido de im\u00e1genes del pasado y presente, creo un mapa, entre fotos propias y de otras mujeres cercanas, de los posibles caminos tomados. ( Aun no hay imagenes)<\/p>\n\n\n\n<p><\/p>\n","protected":false},"excerpt":{"rendered":"<p>2020 Conscientes de nuestra mortalidad, trazamos direcciones colectivas o de com\u00fan acuerdo. Llevar en plenitud el estadio entre el nacimiento y la muerte. Gradualmente se desvanecen los mapas impregnados en nuestra cabeza. &nbsp;Algunos navegamos sin<span class=\"more-button\"><a href=\"https:\/\/elizatrejo.com\/index.php\/devenir\/\" class=\"more-link\">Continue reading<span class=\"screen-reader-text\">Devenir<\/span><i class=\"fa fa-angle-right\" aria-hidden=\"true\"><\/i><\/a><\/span><\/p>\n","protected":false},"author":2,"featured_media":0,"parent":0,"menu_order":0,"comment_status":"closed","ping_status":"closed","template":"","meta":{"ngg_post_thumbnail":0,"footnotes":""},"class_list":["post-1579","page","type-page","status-publish","hentry"],"_links":{"self":[{"href":"https:\/\/elizatrejo.com\/index.php\/wp-json\/wp\/v2\/pages\/1579","targetHints":{"allow":["GET"]}}],"collection":[{"href":"https:\/\/elizatrejo.com\/index.php\/wp-json\/wp\/v2\/pages"}],"about":[{"href":"https:\/\/elizatrejo.com\/index.php\/wp-json\/wp\/v2\/types\/page"}],"author":[{"embeddable":true,"href":"https:\/\/elizatrejo.com\/index.php\/wp-json\/wp\/v2\/users\/2"}],"replies":[{"embeddable":true,"href":"https:\/\/elizatrejo.com\/index.php\/wp-json\/wp\/v2\/comments?post=1579"}],"version-history":[{"count":1,"href":"https:\/\/elizatrejo.com\/index.php\/wp-json\/wp\/v2\/pages\/1579\/revisions"}],"predecessor-version":[{"id":1581,"href":"https:\/\/elizatrejo.com\/index.php\/wp-json\/wp\/v2\/pages\/1579\/revisions\/1581"}],"wp:attachment":[{"href":"https:\/\/elizatrejo.com\/index.php\/wp-json\/wp\/v2\/media?parent=1579"}],"curies":[{"name":"wp","href":"https:\/\/api.w.org\/{rel}","templated":true}]}}