{"id":137,"date":"2023-03-14T00:06:47","date_gmt":"2023-03-14T00:06:47","guid":{"rendered":"https:\/\/elizatrejo.com\/?page_id=137"},"modified":"2023-03-14T00:47:51","modified_gmt":"2023-03-14T00:47:51","slug":"transicion","status":"publish","type":"page","link":"https:\/\/elizatrejo.com\/index.php\/transicion\/","title":{"rendered":"Transici\u00f3n"},"content":{"rendered":"\n<p class=\"has-small-font-size\">Proyecto elaborado en 2013 durante el Programa de Fotograf\u00eda Contempor\u00e1nea (PFC) de Javier Ramirez Lim\u00f3n.<\/p>\n\n\n\n<p class=\"has-small-font-size\">En estas im\u00e1genes se comparte una intimidad que estuvo resguardada por una fortaleza silencios, que se transparenta entre luz, oscuridad. Una luz que intenta escapar o impregnar estos espacios.<\/p>\n\n\n\n<div class=\"wp-block-group has-small-font-size\"><div class=\"wp-block-group__inner-container is-layout-constrained wp-block-group-is-layout-constrained\">\n<div class=\"alignnormal\"><div id=\"metaslider-id-146\" style=\"width: 100%;\" class=\"ml-slider-3-107-0 metaslider metaslider-flex metaslider-146 ml-slider has-dots-nav ms-theme-default\" role=\"region\" aria-label=\"Transici\u00f3n I\" data-height=\"400\" data-width=\"600\">\n    <div id=\"metaslider_container_146\">\n        <div id=\"metaslider_146\" class=\"flexslider\">\n            <ul class='slides'>\n                <li style=\"display: block; width: 100%;\" class=\"slide-149 ms-image \" aria-roledescription=\"slide\" data-date=\"2023-03-14 00:13:34\" data-filename=\"h-500x333.jpg\" data-slide-type=\"image\"><img loading=\"lazy\" decoding=\"async\" src=\"https:\/\/elizatrejo.com\/wp-content\/uploads\/2023\/02\/h-500x333.jpg\" height=\"400\" width=\"600\" alt=\"\" class=\"slider-146 slide-149 msDefaultImage\" title=\"h\" \/><\/li>\n                <li style=\"display: none; width: 100%;\" class=\"slide-151 ms-image \" aria-roledescription=\"slide\" data-date=\"2023-03-14 00:13:34\" data-filename=\"e-500x333.jpg\" data-slide-type=\"image\"><img loading=\"lazy\" decoding=\"async\" src=\"https:\/\/elizatrejo.com\/wp-content\/uploads\/2023\/02\/e-500x333.jpg\" height=\"400\" width=\"600\" alt=\"\" class=\"slider-146 slide-151 msDefaultImage\" title=\"e\" \/><\/li>\n            <\/ul>\n        <\/div>\n        \n    <\/div>\n<\/div><\/div>\n\n\n\n<div class=\"alignnormal\"><div id=\"metaslider-id-157\" style=\"width: 100%;\" class=\"ml-slider-3-107-0 metaslider metaslider-flex metaslider-157 ml-slider has-dots-nav ms-theme-default\" role=\"region\" aria-label=\"Transici\u00f3n II\" data-height=\"600\" data-width=\"400\">\n    <div id=\"metaslider_container_157\">\n        <div id=\"metaslider_157\" class=\"flexslider\">\n            <ul class='slides'>\n                <li style=\"display: block; width: 100%;\" class=\"slide-158 ms-image \" aria-roledescription=\"slide\" data-date=\"2023-03-14 00:23:52\" data-filename=\"l-1-333x500.jpg\" data-slide-type=\"image\"><img loading=\"lazy\" decoding=\"async\" src=\"https:\/\/elizatrejo.com\/wp-content\/uploads\/2023\/02\/l-1-333x500.jpg\" height=\"600\" width=\"400\" alt=\"\" class=\"slider-157 slide-158 msDefaultImage\" title=\"l\" \/><\/li>\n                <li style=\"display: none; width: 100%;\" class=\"slide-159 ms-image \" aria-roledescription=\"slide\" data-date=\"2023-03-14 00:24:05\" data-filename=\"DSC_7277_2-400x600.jpg\" data-slide-type=\"image\"><img loading=\"lazy\" decoding=\"async\" src=\"https:\/\/elizatrejo.com\/wp-content\/uploads\/2023\/02\/DSC_7277_2-400x600.jpg\" height=\"600\" width=\"400\" alt=\"\" class=\"slider-157 slide-159 msDefaultImage\" title=\"DSC_7277_2\" \/><\/li>\n            <\/ul>\n        <\/div>\n        \n    <\/div>\n<\/div><\/div>\n<\/div><\/div>\n","protected":false},"excerpt":{"rendered":"<p>Proyecto elaborado en 2013 durante el Programa de Fotograf\u00eda Contempor\u00e1nea (PFC) de Javier Ramirez Lim\u00f3n. En estas im\u00e1genes se comparte una intimidad que estuvo resguardada por una fortaleza silencios, que se transparenta entre luz, oscuridad.<span class=\"more-button\"><a href=\"https:\/\/elizatrejo.com\/index.php\/transicion\/\" class=\"more-link\">Continue reading<span class=\"screen-reader-text\">Transici\u00f3n<\/span><i class=\"fa fa-angle-right\" aria-hidden=\"true\"><\/i><\/a><\/span><\/p>\n","protected":false},"author":1,"featured_media":0,"parent":0,"menu_order":0,"comment_status":"closed","ping_status":"closed","template":"","meta":{"ngg_post_thumbnail":0,"footnotes":""},"class_list":["post-137","page","type-page","status-publish","hentry"],"_links":{"self":[{"href":"https:\/\/elizatrejo.com\/index.php\/wp-json\/wp\/v2\/pages\/137","targetHints":{"allow":["GET"]}}],"collection":[{"href":"https:\/\/elizatrejo.com\/index.php\/wp-json\/wp\/v2\/pages"}],"about":[{"href":"https:\/\/elizatrejo.com\/index.php\/wp-json\/wp\/v2\/types\/page"}],"author":[{"embeddable":true,"href":"https:\/\/elizatrejo.com\/index.php\/wp-json\/wp\/v2\/users\/1"}],"replies":[{"embeddable":true,"href":"https:\/\/elizatrejo.com\/index.php\/wp-json\/wp\/v2\/comments?post=137"}],"version-history":[{"count":12,"href":"https:\/\/elizatrejo.com\/index.php\/wp-json\/wp\/v2\/pages\/137\/revisions"}],"predecessor-version":[{"id":177,"href":"https:\/\/elizatrejo.com\/index.php\/wp-json\/wp\/v2\/pages\/137\/revisions\/177"}],"wp:attachment":[{"href":"https:\/\/elizatrejo.com\/index.php\/wp-json\/wp\/v2\/media?parent=137"}],"curies":[{"name":"wp","href":"https:\/\/api.w.org\/{rel}","templated":true}]}}